{"id":10368,"date":"2021-03-19T13:57:15","date_gmt":"2021-03-19T12:57:15","guid":{"rendered":"https:\/\/spalder.com\/media-inkoop\/"},"modified":"2021-03-21T14:18:04","modified_gmt":"2021-03-21T13:18:04","slug":"medieneinkauf","status":"publish","type":"page","link":"https:\/\/spalder.com\/de\/medieneinkauf\/","title":{"rendered":"Medieneinkauf"},"content":{"rendered":"<p>[vc_row css=&#8220;.vc_custom_1615233246341{margin-top: -80px !important;}&#8220;][vc_column]\n\t\t\t<!-- START Destination Marketing 1 1 1 1 REVOLUTION SLIDER 6.5.12 --><p class=\"rs-p-wp-fix\"><\/p>\n\t\t\t<rs-module-wrap id=\"rev_slider_50_1_wrapper\" data-source=\"gallery\" style=\"visibility:hidden;background:transparent;padding:0;margin:0px auto;margin-top:0;margin-bottom:0;\">\n\t\t\t\t<rs-module id=\"rev_slider_50_1\" style=\"\" data-version=\"6.5.12\">\n\t\t\t\t\t<rs-slides>\n\t\t\t\t\t\t<rs-slide style=\"position: absolute;\" data-key=\"rs-68\" data-title=\"Slide\" data-anim=\"ms:600;r:0;\" data-in=\"o:0;\" data-out=\"a:false;\">\n\t\t\t\t\t\t\t<img loading=\"lazy\" decoding=\"async\" src=\"\/\/spalder.com\/wp-content\/plugins\/revslider\/public\/assets\/assets\/dummy.png\" alt=\"\" title=\"mountains-1868715_1920\" width=\"1920\" height=\"1081\" class=\"rev-slidebg tp-rs-img rs-lazyload\" data-lazyload=\"\/\/spalder.com\/wp-content\/uploads\/2021\/03\/mountains-1868715_1920.jpg\" data-no-retina>\n<!--\n\t\t\t\t\t\t\t--><rs-layer\n\t\t\t\t\t\t\t\tid=\"slider-50-slide-68-layer-4\" \n\t\t\t\t\t\t\t\tclass=\"rev-scroll-btn\"\n\t\t\t\t\t\t\t\tdata-type=\"button\"\n\t\t\t\t\t\t\t\tdata-color=\"#ffffff\"\n\t\t\t\t\t\t\t\tdata-xy=\"x:c;y:750px;\"\n\t\t\t\t\t\t\t\tdata-dim=\"w:35px;h:55px;\"\n\t\t\t\t\t\t\t\tdata-actions='o:click;a:scrollbelow;offset:-100;sp:300;e:none;'\n\t\t\t\t\t\t\t\tdata-rsp_bd=\"off\"\n\t\t\t\t\t\t\t\tdata-border=\"bos:solid;boc:rgba(255,255,255,1);bow:3px,3px,3px,3px;bor:23px,23px,23px,23px;\"\n\t\t\t\t\t\t\t\tdata-frame_0=\"tp:600;\"\n\t\t\t\t\t\t\t\tdata-frame_1=\"tp:600;e:power2.inOut;st:500;sR:500;\"\n\t\t\t\t\t\t\t\tdata-frame_999=\"o:0;tp:600;e:nothing;st:w;sR:8200;\"\n\t\t\t\t\t\t\t\tstyle=\"z-index:9;font-family:'Roboto';cursor:pointer;box-sizing:border-box;-moz-box-sizing:border-box;-webkit-box-sizing:border-box;\"\n\t\t\t\t\t\t\t>\t\t\t\t\t\t\t\n\t\t\t\t\t\t\t<span>\n\t\t\t\t\t\t\t<\/span>\t\t\t\t\t\t\t\n\t\t\t\t\t\t \n\t\t\t\t\t\t\t<\/rs-layer><!--\n-->\t\t\t\t\t\t<\/rs-slide>\n\t\t\t\t\t<\/rs-slides>\n\t\t\t\t<\/rs-module>\n\t\t\t\t<script>\n\t\t\t\t\tsetREVStartSize({c: 'rev_slider_50_1',rl:[1240,1024,768,480],el:[300],gw:[1240],gh:[300],type:'standard',justify:'',layout:'fullwidth',mh:\"0\"});if (window.RS_MODULES!==undefined && window.RS_MODULES.modules!==undefined && window.RS_MODULES.modules[\"revslider501\"]!==undefined) {window.RS_MODULES.modules[\"revslider501\"].once = false;window.revapi50 = undefined;if (window.RS_MODULES.checkMinimal!==undefined) window.RS_MODULES.checkMinimal()}\n\t\t\t\t<\/script>\n\t\t\t<\/rs-module-wrap>\n\t\t\t<!-- END REVOLUTION SLIDER -->\n[vc_row_inner][vc_column_inner][vc_separator][\/vc_column_inner][\/vc_row_inner][\/vc_column][\/vc_row][vc_row][vc_column width=&#8220;1\/2&#8243;][vc_single_image image=&#8220;9828&#8243; img_size=&#8220;medium&#8220; alignment=&#8220;center&#8220; style=&#8220;vc_box_shadow&#8220;][\/vc_column][vc_column width=&#8220;1\/2&#8243;][vc_column_text]<\/p>\n<h2>Eine Komplettl\u00f6sung f\u00fcr Ihren Medieneinkauf.<\/h2>\n<p>Sie m\u00f6chten einen einzigen Ansprechpartner f\u00fcr Ihren gesamten Medieneinkauf? Dann sind Sie bei der Spalder Media Group genau richtig aufgehoben. Und zwar f\u00fcr Ihre gesamten Medienk\u00e4ufe, sowohl online als auch offline. Gemeinsam mit unseren Experten schauen wir, wie wir Ihre Ziele durch den Einsatz der richtigen Marketingkan\u00e4le erreichen k\u00f6nnen. Unser gro\u00dfes Netzwerk in der Reisebranche und unsere langj\u00e4hrige Erfahrung machen den Unterschied![\/vc_column_text][\/vc_column][\/vc_row][vc_row][vc_column][vc_separator][\/vc_column][\/vc_row][vc_row full_width=&#8220;stretch_row&#8220; enable_overlay=&#8220;1&#8243; overlay_color=&#8220;#ffffff&#8220;][vc_column width=&#8220;1\/3&#8243; css=&#8220;.vc_custom_1616159326106{background-color: #fcfcfc !important;}&#8220;][vc_single_image image=&#8220;9995&#8243; img_size=&#8220;medium&#8220; alignment=&#8220;center&#8220; style=&#8220;vc_box_shadow&#8220;][vc_btn title=&#8220;ONLINE&#8220; style=&#8220;classic&#8220; align=&#8220;center&#8220;][\/vc_column][vc_column width=&#8220;1\/3&#8243; css=&#8220;.vc_custom_1616159341365{background-color: #ffffff !important;}&#8220;][vc_single_image image=&#8220;9998&#8243; img_size=&#8220;medium&#8220; alignment=&#8220;center&#8220; style=&#8220;vc_box_shadow&#8220;][vc_btn title=&#8220;PRINT&#8220; style=&#8220;classic&#8220; align=&#8220;center&#8220;][\/vc_column][vc_column width=&#8220;1\/3&#8243; css=&#8220;.vc_custom_1616159358210{background-color: #ffffff !important;}&#8220;][vc_single_image image=&#8220;10001&#8243; img_size=&#8220;medium&#8220; alignment=&#8220;center&#8220; style=&#8220;vc_box_shadow&#8220;][vc_btn title=&#8220;RADIO&#8220; style=&#8220;classic&#8220; align=&#8220;center&#8220;][\/vc_column][\/vc_row][vc_row full_width=&#8220;stretch_row&#8220; enable_overlay=&#8220;1&#8243; overlay_color=&#8220;#ffffff&#8220;][vc_column width=&#8220;1\/3&#8243; css=&#8220;.vc_custom_1616159404657{background-color: #ffffff !important;}&#8220;][vc_single_image image=&#8220;10004&#8243; img_size=&#8220;medium&#8220; alignment=&#8220;center&#8220; style=&#8220;vc_box_shadow&#8220;][vc_btn title=&#8220;TV&#8220; style=&#8220;classic&#8220; align=&#8220;center&#8220;][\/vc_column][vc_column width=&#8220;1\/3&#8243; css=&#8220;.vc_custom_1616159419247{background-color: #ffffff !important;}&#8220;][vc_single_image image=&#8220;10007&#8243; img_size=&#8220;medium&#8220; alignment=&#8220;center&#8220; style=&#8220;vc_box_shadow&#8220;][vc_btn title=&#8220;OUT OF HOME&#8220; style=&#8220;classic&#8220; align=&#8220;center&#8220;][\/vc_column][vc_column width=&#8220;1\/3&#8243; css=&#8220;.vc_custom_1616159439951{background-color: #ffffff !important;}&#8220;][vc_single_image image=&#8220;10010&#8243; img_size=&#8220;medium&#8220; alignment=&#8220;center&#8220; style=&#8220;vc_box_shadow&#8220; css=&#8220;.vc_custom_1616159429288{background-color: #ffffff !important;}&#8220;][vc_btn title=&#8220;FACEBOOK &amp; GOOGLE&#8220; style=&#8220;classic&#8220; align=&#8220;center&#8220;][\/vc_column][\/vc_row][vc_row][vc_column][vc_separator][\/vc_column][\/vc_row][vc_row][vc_column][vc_column_text]<\/p>\n<h2 style=\"text-align: center;\">Wir sind stolz auf unsere Arbeit!<\/h2>\n<p>[\/vc_column_text][\/vc_column][\/vc_row][vc_row][vc_column width=&#8220;1\/3&#8243;][vc_hoverbox image=&#8220;6638&#8243; primary_title=&#8220;&#8220; hover_title=&#8220;Tirol campagne Randstad&#8220; hover_title_font_container=&#8220;color:%23000000&#8243; hover_background_color=&#8220;custom&#8220; use_custom_fonts_hover_title=&#8220;true&#8220;]<img loading=\"lazy\" decoding=\"async\" class=\"alignnone wp-image-9866 size-large\" src=\"https:\/\/spalder.com\/wp-content\/uploads\/2021\/03\/Graphics_Website_mountainMarketing_BlauwDetail_destinationvlag-03-1024x724.png\" alt=\"\" width=\"1024\" height=\"724\" srcset=\"https:\/\/spalder.com\/wp-content\/uploads\/2021\/03\/Graphics_Website_mountainMarketing_BlauwDetail_destinationvlag-03-1024x724.png 1024w, https:\/\/spalder.com\/wp-content\/uploads\/2021\/03\/Graphics_Website_mountainMarketing_BlauwDetail_destinationvlag-03-300x212.png 300w, https:\/\/spalder.com\/wp-content\/uploads\/2021\/03\/Graphics_Website_mountainMarketing_BlauwDetail_destinationvlag-03-768x543.png 768w, https:\/\/spalder.com\/wp-content\/uploads\/2021\/03\/Graphics_Website_mountainMarketing_BlauwDetail_destinationvlag-03-1536x1086.png 1536w, https:\/\/spalder.com\/wp-content\/uploads\/2021\/03\/Graphics_Website_mountainMarketing_BlauwDetail_destinationvlag-03-2048x1448.png 2048w, https:\/\/spalder.com\/wp-content\/uploads\/2021\/03\/Graphics_Website_mountainMarketing_BlauwDetail_destinationvlag-03-600x424.png 600w\" sizes=\"(max-width: 1024px) 100vw, 1024px\" \/>Voor onze klant Tirol hebben wij een grootschalige Out-of-Home campagne opgezet in de Randstad. Doel van deze campagne was het vergroten van de naamsbekendheid van de regio.[\/vc_hoverbox][\/vc_column][vc_column width=&#8220;1\/3&#8243;][vc_hoverbox image=&#8220;10018&#8243; primary_title=&#8220;&#8220; hover_title=&#8220;Zillertal Arena Outdour Campagne&#8220; hover_title_font_container=&#8220;color:%23000000&#8243; hover_background_color=&#8220;custom&#8220; use_custom_fonts_hover_title=&#8220;true&#8220;]<img loading=\"lazy\" decoding=\"async\" class=\"alignleft wp-image-9836 size-large\" src=\"https:\/\/spalder.com\/wp-content\/uploads\/2021\/03\/Graphics_Website_mountainMarketing_BlauwDetail-03-1024x724.png\" alt=\"\" width=\"1024\" height=\"724\" srcset=\"https:\/\/spalder.com\/wp-content\/uploads\/2021\/03\/Graphics_Website_mountainMarketing_BlauwDetail-03-1024x724.png 1024w, https:\/\/spalder.com\/wp-content\/uploads\/2021\/03\/Graphics_Website_mountainMarketing_BlauwDetail-03-300x212.png 300w, https:\/\/spalder.com\/wp-content\/uploads\/2021\/03\/Graphics_Website_mountainMarketing_BlauwDetail-03-768x543.png 768w, https:\/\/spalder.com\/wp-content\/uploads\/2021\/03\/Graphics_Website_mountainMarketing_BlauwDetail-03-1536x1086.png 1536w, https:\/\/spalder.com\/wp-content\/uploads\/2021\/03\/Graphics_Website_mountainMarketing_BlauwDetail-03-2048x1448.png 2048w, https:\/\/spalder.com\/wp-content\/uploads\/2021\/03\/Graphics_Website_mountainMarketing_BlauwDetail-03-600x424.png 600w\" sizes=\"(max-width: 1024px) 100vw, 1024px\" \/>Om de naamsbekendheid van de Zillertal Arena te vergroten in de regio van Amsterdam, hebben wij een grootschalige Outdoor Campagne opzet voor onze klant, waarbij we digitale Out-of-Home hebben gecombineerd met statische uitingen langs de snelweg.[\/vc_hoverbox][\/vc_column][vc_column width=&#8220;1\/3&#8243;][vc_hoverbox image=&#8220;10021&#8243; primary_title=&#8220;&#8220; hover_title=&#8220;Bever Instore winactie&#8220; hover_title_font_container=&#8220;color:%23000000&#8243; hover_background_color=&#8220;custom&#8220; use_custom_fonts_hover_title=&#8220;true&#8220;]<img loading=\"lazy\" decoding=\"async\" class=\"alignnone wp-image-9833 size-medium\" src=\"https:\/\/spalder.com\/wp-content\/uploads\/2021\/03\/Graphics_Website_mountainMarketing_BlauwDetail-05-300x212.png\" alt=\"\" width=\"300\" height=\"212\" srcset=\"https:\/\/spalder.com\/wp-content\/uploads\/2021\/03\/Graphics_Website_mountainMarketing_BlauwDetail-05-300x212.png 300w, https:\/\/spalder.com\/wp-content\/uploads\/2021\/03\/Graphics_Website_mountainMarketing_BlauwDetail-05-1024x724.png 1024w, https:\/\/spalder.com\/wp-content\/uploads\/2021\/03\/Graphics_Website_mountainMarketing_BlauwDetail-05-768x543.png 768w, https:\/\/spalder.com\/wp-content\/uploads\/2021\/03\/Graphics_Website_mountainMarketing_BlauwDetail-05-1536x1086.png 1536w, https:\/\/spalder.com\/wp-content\/uploads\/2021\/03\/Graphics_Website_mountainMarketing_BlauwDetail-05-2048x1448.png 2048w, https:\/\/spalder.com\/wp-content\/uploads\/2021\/03\/Graphics_Website_mountainMarketing_BlauwDetail-05-600x424.png 600w\" sizes=\"(max-width: 300px) 100vw, 300px\" \/>Midden in de doelgroep aanwezig zijn en bezoekers van de Bever shops interesseren voor een vakantie in SkiWelt? Dat was het doel van onze klant. Een succesvolle campagne waarbij wij honderden Nederlanders ge\u00ebnthousiasmeerd hebben voor een vakantie in de SkiWelt.[\/vc_hoverbox][\/vc_column][\/vc_row]<\/p>\n","protected":false},"excerpt":{"rendered":"<p>[vc_row css=&#8220;.vc_custom_1615233246341{margin-top: -80px !important;}&#8220;][vc_column][vc_row_inner][vc_column_inner][vc_separator][\/vc_column_inner][\/vc_row_inner][\/vc_column][\/vc_row][vc_row][vc_column width=&#8220;1\/2&#8243;][vc_single_image image=&#8220;9828&#8243; img_size=&#8220;medium&#8220; alignment=&#8220;center&#8220; style=&#8220;vc_box_shadow&#8220;][\/vc_column][vc_column width=&#8220;1\/2&#8243;][vc_column_text] Eine Komplettl\u00f6sung f\u00fcr Ihren Medieneinkauf. Sie m\u00f6chten einen einzigen Ansprechpartner f\u00fcr Ihren gesamten Medieneinkauf? Dann sind Sie bei der Spalder Media Group genau richtig aufgehoben. Und zwar f\u00fcr Ihre gesamten Medienk\u00e4ufe, sowohl online als auch offline. Gemeinsam mit unseren Experten schauen wir, wie wir Ihre [&hellip;]<\/p>\n","protected":false},"author":3,"featured_media":0,"parent":0,"menu_order":0,"comment_status":"closed","ping_status":"closed","template":"","meta":{"footnotes":""},"class_list":["post-10368","page","type-page","status-publish","hentry"],"yoast_head":"<!-- This site is optimized with the Yoast SEO plugin v25.6 - https:\/\/yoast.com\/wordpress\/plugins\/seo\/ -->\n<title>Medieneinkauf - Spalder Media Group<\/title>\n<meta name=\"robots\" content=\"index, follow, max-snippet:-1, max-image-preview:large, max-video-preview:-1\" \/>\n<link rel=\"canonical\" href=\"https:\/\/spalder.com\/de\/medieneinkauf\/\" \/>\n<meta property=\"og:locale\" content=\"de_DE\" \/>\n<meta property=\"og:type\" content=\"article\" \/>\n<meta property=\"og:title\" content=\"Medieneinkauf - Spalder Media Group\" \/>\n<meta property=\"og:description\" content=\"[vc_row css=&#8220;.vc_custom_1615233246341{margin-top: -80px !important;}&#8220;][vc_column][vc_row_inner][vc_column_inner][vc_separator][\/vc_column_inner][\/vc_row_inner][\/vc_column][\/vc_row][vc_row][vc_column width=&#8220;1\/2&#8243;][vc_single_image image=&#8220;9828&#8243; img_size=&#8220;medium&#8220; alignment=&#8220;center&#8220; style=&#8220;vc_box_shadow&#8220;][\/vc_column][vc_column width=&#8220;1\/2&#8243;][vc_column_text] Eine Komplettl\u00f6sung f\u00fcr Ihren Medieneinkauf. Sie m\u00f6chten einen einzigen Ansprechpartner f\u00fcr Ihren gesamten Medieneinkauf? Dann sind Sie bei der Spalder Media Group genau richtig aufgehoben. Und zwar f\u00fcr Ihre gesamten Medienk\u00e4ufe, sowohl online als auch offline. Gemeinsam mit unseren Experten schauen wir, wie wir Ihre [&hellip;]\" \/>\n<meta property=\"og:url\" content=\"https:\/\/spalder.com\/de\/medieneinkauf\/\" \/>\n<meta property=\"og:site_name\" content=\"Spalder Media Group\" \/>\n<meta property=\"article:modified_time\" content=\"2021-03-21T13:18:04+00:00\" \/>\n<meta property=\"og:image\" content=\"https:\/\/spalder.com\/wp-content\/uploads\/2021\/03\/Graphics_Website_mountainMarketing_BlauwDetail_destinationvlag-03-1024x724.png\" \/>\n<meta name=\"twitter:card\" content=\"summary_large_image\" \/>\n<meta name=\"twitter:label1\" content=\"Gesch\u00e4tzte Lesezeit\" \/>\n\t<meta name=\"twitter:data1\" content=\"3\u00a0Minuten\" \/>\n<script type=\"application\/ld+json\" class=\"yoast-schema-graph\">{\"@context\":\"https:\/\/schema.org\",\"@graph\":[{\"@type\":\"WebPage\",\"@id\":\"https:\/\/spalder.com\/de\/medieneinkauf\/\",\"url\":\"https:\/\/spalder.com\/de\/medieneinkauf\/\",\"name\":\"Medieneinkauf - Spalder Media Group\",\"isPartOf\":{\"@id\":\"https:\/\/spalder.com\/#website\"},\"primaryImageOfPage\":{\"@id\":\"https:\/\/spalder.com\/de\/medieneinkauf\/#primaryimage\"},\"image\":{\"@id\":\"https:\/\/spalder.com\/de\/medieneinkauf\/#primaryimage\"},\"thumbnailUrl\":\"https:\/\/spalder.com\/wp-content\/uploads\/2021\/03\/Graphics_Website_mountainMarketing_BlauwDetail_destinationvlag-03-1024x724.png\",\"datePublished\":\"2021-03-19T12:57:15+00:00\",\"dateModified\":\"2021-03-21T13:18:04+00:00\",\"breadcrumb\":{\"@id\":\"https:\/\/spalder.com\/de\/medieneinkauf\/#breadcrumb\"},\"inLanguage\":\"de\",\"potentialAction\":[{\"@type\":\"ReadAction\",\"target\":[\"https:\/\/spalder.com\/de\/medieneinkauf\/\"]}]},{\"@type\":\"ImageObject\",\"inLanguage\":\"de\",\"@id\":\"https:\/\/spalder.com\/de\/medieneinkauf\/#primaryimage\",\"url\":\"https:\/\/spalder.com\/wp-content\/uploads\/2021\/03\/Graphics_Website_mountainMarketing_BlauwDetail_destinationvlag-03-1024x724.png\",\"contentUrl\":\"https:\/\/spalder.com\/wp-content\/uploads\/2021\/03\/Graphics_Website_mountainMarketing_BlauwDetail_destinationvlag-03-1024x724.png\"},{\"@type\":\"BreadcrumbList\",\"@id\":\"https:\/\/spalder.com\/de\/medieneinkauf\/#breadcrumb\",\"itemListElement\":[{\"@type\":\"ListItem\",\"position\":1,\"name\":\"Home\",\"item\":\"https:\/\/spalder.com\/de\/\"},{\"@type\":\"ListItem\",\"position\":2,\"name\":\"Medieneinkauf\"}]},{\"@type\":\"WebSite\",\"@id\":\"https:\/\/spalder.com\/#website\",\"url\":\"https:\/\/spalder.com\/\",\"name\":\"Spalder Media Group\",\"description\":\"We bring you Dutch tourists\",\"publisher\":{\"@id\":\"https:\/\/spalder.com\/#organization\"},\"potentialAction\":[{\"@type\":\"SearchAction\",\"target\":{\"@type\":\"EntryPoint\",\"urlTemplate\":\"https:\/\/spalder.com\/?s={search_term_string}\"},\"query-input\":{\"@type\":\"PropertyValueSpecification\",\"valueRequired\":true,\"valueName\":\"search_term_string\"}}],\"inLanguage\":\"de\"},{\"@type\":\"Organization\",\"@id\":\"https:\/\/spalder.com\/#organization\",\"name\":\"Spalder Media Group\",\"url\":\"https:\/\/spalder.com\/\",\"logo\":{\"@type\":\"ImageObject\",\"inLanguage\":\"de\",\"@id\":\"https:\/\/spalder.com\/#\/schema\/logo\/image\/\",\"url\":\"https:\/\/spalder.com\/wp-content\/uploads\/2020\/09\/SMG_2020_High.png\",\"contentUrl\":\"https:\/\/spalder.com\/wp-content\/uploads\/2020\/09\/SMG_2020_High.png\",\"width\":1489,\"height\":1319,\"caption\":\"Spalder Media Group\"},\"image\":{\"@id\":\"https:\/\/spalder.com\/#\/schema\/logo\/image\/\"}}]}<\/script>\n<!-- \/ Yoast SEO plugin. -->","yoast_head_json":{"title":"Medieneinkauf - Spalder Media Group","robots":{"index":"index","follow":"follow","max-snippet":"max-snippet:-1","max-image-preview":"max-image-preview:large","max-video-preview":"max-video-preview:-1"},"canonical":"https:\/\/spalder.com\/de\/medieneinkauf\/","og_locale":"de_DE","og_type":"article","og_title":"Medieneinkauf - Spalder Media Group","og_description":"[vc_row css=&#8220;.vc_custom_1615233246341{margin-top: -80px !important;}&#8220;][vc_column][vc_row_inner][vc_column_inner][vc_separator][\/vc_column_inner][\/vc_row_inner][\/vc_column][\/vc_row][vc_row][vc_column width=&#8220;1\/2&#8243;][vc_single_image image=&#8220;9828&#8243; img_size=&#8220;medium&#8220; alignment=&#8220;center&#8220; style=&#8220;vc_box_shadow&#8220;][\/vc_column][vc_column width=&#8220;1\/2&#8243;][vc_column_text] Eine Komplettl\u00f6sung f\u00fcr Ihren Medieneinkauf. Sie m\u00f6chten einen einzigen Ansprechpartner f\u00fcr Ihren gesamten Medieneinkauf? Dann sind Sie bei der Spalder Media Group genau richtig aufgehoben. Und zwar f\u00fcr Ihre gesamten Medienk\u00e4ufe, sowohl online als auch offline. Gemeinsam mit unseren Experten schauen wir, wie wir Ihre [&hellip;]","og_url":"https:\/\/spalder.com\/de\/medieneinkauf\/","og_site_name":"Spalder Media Group","article_modified_time":"2021-03-21T13:18:04+00:00","og_image":[{"url":"https:\/\/spalder.com\/wp-content\/uploads\/2021\/03\/Graphics_Website_mountainMarketing_BlauwDetail_destinationvlag-03-1024x724.png","type":"","width":"","height":""}],"twitter_card":"summary_large_image","twitter_misc":{"Gesch\u00e4tzte Lesezeit":"3\u00a0Minuten"},"schema":{"@context":"https:\/\/schema.org","@graph":[{"@type":"WebPage","@id":"https:\/\/spalder.com\/de\/medieneinkauf\/","url":"https:\/\/spalder.com\/de\/medieneinkauf\/","name":"Medieneinkauf - Spalder Media Group","isPartOf":{"@id":"https:\/\/spalder.com\/#website"},"primaryImageOfPage":{"@id":"https:\/\/spalder.com\/de\/medieneinkauf\/#primaryimage"},"image":{"@id":"https:\/\/spalder.com\/de\/medieneinkauf\/#primaryimage"},"thumbnailUrl":"https:\/\/spalder.com\/wp-content\/uploads\/2021\/03\/Graphics_Website_mountainMarketing_BlauwDetail_destinationvlag-03-1024x724.png","datePublished":"2021-03-19T12:57:15+00:00","dateModified":"2021-03-21T13:18:04+00:00","breadcrumb":{"@id":"https:\/\/spalder.com\/de\/medieneinkauf\/#breadcrumb"},"inLanguage":"de","potentialAction":[{"@type":"ReadAction","target":["https:\/\/spalder.com\/de\/medieneinkauf\/"]}]},{"@type":"ImageObject","inLanguage":"de","@id":"https:\/\/spalder.com\/de\/medieneinkauf\/#primaryimage","url":"https:\/\/spalder.com\/wp-content\/uploads\/2021\/03\/Graphics_Website_mountainMarketing_BlauwDetail_destinationvlag-03-1024x724.png","contentUrl":"https:\/\/spalder.com\/wp-content\/uploads\/2021\/03\/Graphics_Website_mountainMarketing_BlauwDetail_destinationvlag-03-1024x724.png"},{"@type":"BreadcrumbList","@id":"https:\/\/spalder.com\/de\/medieneinkauf\/#breadcrumb","itemListElement":[{"@type":"ListItem","position":1,"name":"Home","item":"https:\/\/spalder.com\/de\/"},{"@type":"ListItem","position":2,"name":"Medieneinkauf"}]},{"@type":"WebSite","@id":"https:\/\/spalder.com\/#website","url":"https:\/\/spalder.com\/","name":"Spalder Media Group","description":"We bring you Dutch tourists","publisher":{"@id":"https:\/\/spalder.com\/#organization"},"potentialAction":[{"@type":"SearchAction","target":{"@type":"EntryPoint","urlTemplate":"https:\/\/spalder.com\/?s={search_term_string}"},"query-input":{"@type":"PropertyValueSpecification","valueRequired":true,"valueName":"search_term_string"}}],"inLanguage":"de"},{"@type":"Organization","@id":"https:\/\/spalder.com\/#organization","name":"Spalder Media Group","url":"https:\/\/spalder.com\/","logo":{"@type":"ImageObject","inLanguage":"de","@id":"https:\/\/spalder.com\/#\/schema\/logo\/image\/","url":"https:\/\/spalder.com\/wp-content\/uploads\/2020\/09\/SMG_2020_High.png","contentUrl":"https:\/\/spalder.com\/wp-content\/uploads\/2020\/09\/SMG_2020_High.png","width":1489,"height":1319,"caption":"Spalder Media Group"},"image":{"@id":"https:\/\/spalder.com\/#\/schema\/logo\/image\/"}}]}},"_links":{"self":[{"href":"https:\/\/spalder.com\/de\/wp-json\/wp\/v2\/pages\/10368"}],"collection":[{"href":"https:\/\/spalder.com\/de\/wp-json\/wp\/v2\/pages"}],"about":[{"href":"https:\/\/spalder.com\/de\/wp-json\/wp\/v2\/types\/page"}],"author":[{"embeddable":true,"href":"https:\/\/spalder.com\/de\/wp-json\/wp\/v2\/users\/3"}],"replies":[{"embeddable":true,"href":"https:\/\/spalder.com\/de\/wp-json\/wp\/v2\/comments?post=10368"}],"version-history":[{"count":16,"href":"https:\/\/spalder.com\/de\/wp-json\/wp\/v2\/pages\/10368\/revisions"}],"predecessor-version":[{"id":10518,"href":"https:\/\/spalder.com\/de\/wp-json\/wp\/v2\/pages\/10368\/revisions\/10518"}],"wp:attachment":[{"href":"https:\/\/spalder.com\/de\/wp-json\/wp\/v2\/media?parent=10368"}],"curies":[{"name":"wp","href":"https:\/\/api.w.org\/{rel}","templated":true}]}}