{"id":7409,"date":"2020-04-08T14:15:48","date_gmt":"2020-04-08T12:15:48","guid":{"rendered":"https:\/\/spalder.com\/publishing\/"},"modified":"2024-06-13T10:51:50","modified_gmt":"2024-06-13T08:51:50","slug":"publishing","status":"publish","type":"page","link":"https:\/\/spalder.com\/de\/publishing\/","title":{"rendered":"Publishing"},"content":{"rendered":"<p>[vc_row css=&#8220;.vc_custom_1593092092166{margin-top: -80px !important;}&#8220;][vc_column]\n\t\t\t<!-- START Destination Marketing 1 1 1 1 1 REVOLUTION SLIDER 6.5.12 --><p class=\"rs-p-wp-fix\"><\/p>\n\t\t\t<rs-module-wrap id=\"rev_slider_51_1_wrapper\" data-source=\"gallery\" style=\"visibility:hidden;background:transparent;padding:0;margin:0px auto;margin-top:0;margin-bottom:0;\">\n\t\t\t\t<rs-module id=\"rev_slider_51_1\" style=\"\" data-version=\"6.5.12\">\n\t\t\t\t\t<rs-slides>\n\t\t\t\t\t\t<rs-slide style=\"position: absolute;\" data-key=\"rs-69\" data-title=\"Slide\" data-anim=\"ms:600;r:0;\" data-in=\"o:0;\" data-out=\"a:false;\">\n\t\t\t\t\t\t\t<img loading=\"lazy\" decoding=\"async\" src=\"\/\/spalder.com\/wp-content\/plugins\/revslider\/public\/assets\/assets\/dummy.png\" alt=\"\" title=\"kackars-2398694_1920\" width=\"1920\" height=\"543\" class=\"rev-slidebg tp-rs-img rs-lazyload\" data-lazyload=\"\/\/spalder.com\/wp-content\/uploads\/2021\/03\/kackars-2398694_1920.jpg\" data-no-retina>\n<!--\n\t\t\t\t\t\t\t--><rs-layer\n\t\t\t\t\t\t\t\tid=\"slider-51-slide-69-layer-4\" \n\t\t\t\t\t\t\t\tclass=\"rev-scroll-btn\"\n\t\t\t\t\t\t\t\tdata-type=\"button\"\n\t\t\t\t\t\t\t\tdata-color=\"#ffffff\"\n\t\t\t\t\t\t\t\tdata-xy=\"x:c;y:750px;\"\n\t\t\t\t\t\t\t\tdata-dim=\"w:35px;h:55px;\"\n\t\t\t\t\t\t\t\tdata-actions='o:click;a:scrollbelow;offset:-100;sp:300;e:none;'\n\t\t\t\t\t\t\t\tdata-rsp_bd=\"off\"\n\t\t\t\t\t\t\t\tdata-border=\"bos:solid;boc:rgba(255,255,255,1);bow:3px,3px,3px,3px;bor:23px,23px,23px,23px;\"\n\t\t\t\t\t\t\t\tdata-frame_0=\"tp:600;\"\n\t\t\t\t\t\t\t\tdata-frame_1=\"tp:600;e:power2.inOut;st:500;sR:500;\"\n\t\t\t\t\t\t\t\tdata-frame_999=\"o:0;tp:600;e:nothing;st:w;sR:8200;\"\n\t\t\t\t\t\t\t\tstyle=\"z-index:9;font-family:'Roboto';cursor:pointer;box-sizing:border-box;-moz-box-sizing:border-box;-webkit-box-sizing:border-box;\"\n\t\t\t\t\t\t\t>\t\t\t\t\t\t\t\n\t\t\t\t\t\t\t<span>\n\t\t\t\t\t\t\t<\/span>\t\t\t\t\t\t\t\n\t\t\t\t\t\t \n\t\t\t\t\t\t\t<\/rs-layer><!--\n-->\t\t\t\t\t\t<\/rs-slide>\n\t\t\t\t\t<\/rs-slides>\n\t\t\t\t<\/rs-module>\n\t\t\t\t<script>\n\t\t\t\t\tsetREVStartSize({c: 'rev_slider_51_1',rl:[1240,1024,768,480],el:[300],gw:[1240],gh:[300],type:'standard',justify:'',layout:'fullwidth',mh:\"0\"});if (window.RS_MODULES!==undefined && window.RS_MODULES.modules!==undefined && window.RS_MODULES.modules[\"revslider511\"]!==undefined) {window.RS_MODULES.modules[\"revslider511\"].once = false;window.revapi51 = undefined;if (window.RS_MODULES.checkMinimal!==undefined) window.RS_MODULES.checkMinimal()}\n\t\t\t\t<\/script>\n\t\t\t<\/rs-module-wrap>\n\t\t\t<!-- END REVOLUTION SLIDER -->\n[vc_separator][\/vc_column][\/vc_row][vc_row][vc_column width=&#8220;1\/2&#8243;][vc_single_image image=&#8220;8663&#8243; img_size=&#8220;large&#8220;][\/vc_column][vc_column width=&#8220;1\/2&#8243;][vc_column_text]<\/p>\n<h2><b>Wir<\/b> <b>sind<\/b><b> in 5 <\/b><b>L\u00e4ndern<\/b> <b>aktiv<\/b><\/h2>\n<p>Als Herausgeber ist die Spalder Media Group in 5 verschiedenen L\u00e4ndern t\u00e4tig. All unsrere Plattformen haben den Fokus Besucher mit einer Begeisterung f\u00fcr die Berge zu generieren. Im Sommer und Winter haben wir mehrere tausende Besucher auf unseren Webseiten. All diese Besucher haben eine Verbindung zu den Bergen und sind daher von unsch\u00e4tzbarem Wert f\u00fcr Ihre Marke, Ihren Betrieb oder Ihre Region. M\u00f6chten Sie Skifahrer, BIker, Wanderer und Bergliebhaber erreichen? Wir k\u00f6nnen f\u00fcr Sie gro\u00dfe Kampagnen auf unseren Plattformen umsetzen, wobei wir Performance und Branding perfekt kombinieren.<\/p>\n<p>M\u00f6chten Sie eine spezielle Zielgruppe \u00fcber unsere Plattformen erreichen? Wir messen alle Bewegungen unserer Besucher und kennen daher das Interesse aller Besucher. Kontaktieren Sie uns um zusammen mit einem unserer Account Manager die M\u00f6glichkeiten zu besprechen. Wir sind zufrieden, wenn sie es sind![\/vc_column_text][vc_row_inner][vc_column_inner width=&#8220;1\/2&#8243;][vc_single_image image=&#8220;9995&#8243; alignment=&#8220;center&#8220;][vc_btn title=&#8220;UNSERE WEBSEITEN&#8220; align=&#8220;center&#8220; link=&#8220;url:https%3A%2F%2Fspalder.com%2Fde%2Fpublishing%2Fonline%2F|title:Online||&#8220;][\/vc_column_inner][vc_column_inner width=&#8220;1\/2&#8243;][vc_single_image image=&#8220;9998&#8243; alignment=&#8220;center&#8220;][vc_btn title=&#8220;UNSER MAGAZIN&#8220; align=&#8220;center&#8220; link=&#8220;url:https%3A%2F%2Fspalder.com%2Fde%2Fpublishing%2Foffline%2F|title:Offline||&#8220;][\/vc_column_inner][\/vc_row_inner][\/vc_column][\/vc_row][vc_row][vc_column][vc_separator][\/vc_column][\/vc_row][vc_row][vc_column width=&#8220;1\/4&#8243;][vc_single_image image=&#8220;10100&#8243; img_size=&#8220;medium&#8220; alignment=&#8220;center&#8220; style=&#8220;vc_box_shadow_circle_2&#8243; onclick=&#8220;custom_link&#8220; link=&#8220;https:\/\/spalder.com\/wp-content\/uploads\/2024\/01\/Deutsch-Mediakit-Sommer-2024_Publishing.pdf&#8220;][vc_btn title=&#8220;MEDIAKIT SOMMER&#8220; align=&#8220;center&#8220; link=&#8220;url:https%3A%2F%2Fspalder.com%2Fwp-content%2Fuploads%2F2024%2F01%2FDeutsch-Mediakit-Sommer-2024_Publishing.pdf|target:_blank&#8220;][\/vc_column][vc_column width=&#8220;1\/4&#8243;][vc_single_image image=&#8220;11307&#8243; img_size=&#8220;medium&#8220; alignment=&#8220;center&#8220; style=&#8220;vc_box_shadow_circle_2&#8243; onclick=&#8220;custom_link&#8220; link=&#8220;https:\/\/spalder.com\/wp-content\/uploads\/2021\/07\/DE-Mediakit-Herbst-2021_compressed-1.pdf&#8220;][vc_btn title=&#8220;MEDIAKIT HERBST&#8220; align=&#8220;center&#8220; link=&#8220;url:https%3A%2F%2Fspalder.com%2Fwp-content%2Fuploads%2F2021%2F07%2FDE-Mediakit-Herbst-2021_compressed-1.pdf||target:%20_blank|&#8220;][\/vc_column][vc_column width=&#8220;1\/4&#8243;][vc_single_image image=&#8220;10097&#8243; img_size=&#8220;medium&#8220; alignment=&#8220;center&#8220; style=&#8220;vc_box_shadow_circle_2&#8243; onclick=&#8220;custom_link&#8220; link=&#8220;https:\/\/spalder.com\/wp-content\/uploads\/2022\/07\/DE-Winter-mediakit-SMG-22-23-1_compressed-1.pdf&#8220;][vc_btn title=&#8220;MEDIAKIT WINTER &#8217;24 &#8211; &#8217;25&#8220; align=&#8220;center&#8220; link=&#8220;url:https%3A%2F%2Fspalder.com%2Fwp-content%2Fuploads%2F2024%2F06%2FENG-Mediakit-SMG-Winter-24-25-1.pdf|target:_blank&#8220;][\/vc_column][vc_column width=&#8220;1\/4&#8243;][vc_single_image image=&#8220;11569&#8243; img_size=&#8220;medium&#8220; alignment=&#8220;center&#8220; style=&#8220;vc_box_shadow_circle_2&#8243; onclick=&#8220;custom_link&#8220; link=&#8220;https:\/\/spalder.com\/wp-content\/uploads\/2021\/10\/Hotel_Produkt_SMG-2.pdf&#8220;][vc_btn title=&#8220;MEDIAKIT HOTELS&#8220; align=&#8220;center&#8220; link=&#8220;url:https%3A%2F%2Fspalder.com%2Fwp-content%2Fuploads%2F2021%2F10%2FHotel_Produkt_SMG-2.pdf||target:%20_blank|&#8220;][\/vc_column][\/vc_row]<\/p>\n","protected":false},"excerpt":{"rendered":"<p>[vc_row css=&#8220;.vc_custom_1593092092166{margin-top: -80px !important;}&#8220;][vc_column][vc_separator][\/vc_column][\/vc_row][vc_row][vc_column width=&#8220;1\/2&#8243;][vc_single_image image=&#8220;8663&#8243; img_size=&#8220;large&#8220;][\/vc_column][vc_column width=&#8220;1\/2&#8243;][vc_column_text] Wir sind in 5 L\u00e4ndern aktiv Als Herausgeber ist die Spalder Media Group in 5 verschiedenen L\u00e4ndern t\u00e4tig. All unsrere Plattformen haben den Fokus Besucher mit einer Begeisterung f\u00fcr die Berge zu generieren. Im Sommer und Winter haben wir mehrere tausende Besucher auf unseren Webseiten. All diese [&hellip;]<\/p>\n","protected":false},"author":3,"featured_media":0,"parent":0,"menu_order":0,"comment_status":"closed","ping_status":"closed","template":"","meta":{"footnotes":""},"class_list":["post-7409","page","type-page","status-publish","hentry"],"yoast_head":"<!-- This site is optimized with the Yoast SEO plugin v25.6 - https:\/\/yoast.com\/wordpress\/plugins\/seo\/ -->\n<title>Publishing - Spalder Media Group<\/title>\n<meta name=\"robots\" content=\"index, follow, max-snippet:-1, max-image-preview:large, max-video-preview:-1\" \/>\n<link rel=\"canonical\" href=\"https:\/\/spalder.com\/de\/publishing\/\" \/>\n<meta property=\"og:locale\" content=\"de_DE\" \/>\n<meta property=\"og:type\" content=\"article\" \/>\n<meta property=\"og:title\" content=\"Publishing - Spalder Media Group\" \/>\n<meta property=\"og:description\" content=\"[vc_row css=&#8220;.vc_custom_1593092092166{margin-top: -80px !important;}&#8220;][vc_column][vc_separator][\/vc_column][\/vc_row][vc_row][vc_column width=&#8220;1\/2&#8243;][vc_single_image image=&#8220;8663&#8243; img_size=&#8220;large&#8220;][\/vc_column][vc_column width=&#8220;1\/2&#8243;][vc_column_text] Wir sind in 5 L\u00e4ndern aktiv Als Herausgeber ist die Spalder Media Group in 5 verschiedenen L\u00e4ndern t\u00e4tig. All unsrere Plattformen haben den Fokus Besucher mit einer Begeisterung f\u00fcr die Berge zu generieren. Im Sommer und Winter haben wir mehrere tausende Besucher auf unseren Webseiten. All diese [&hellip;]\" \/>\n<meta property=\"og:url\" content=\"https:\/\/spalder.com\/de\/publishing\/\" \/>\n<meta property=\"og:site_name\" content=\"Spalder Media Group\" \/>\n<meta property=\"article:modified_time\" content=\"2024-06-13T08:51:50+00:00\" \/>\n<meta name=\"twitter:card\" content=\"summary_large_image\" \/>\n<meta name=\"twitter:label1\" content=\"Gesch\u00e4tzte Lesezeit\" \/>\n\t<meta name=\"twitter:data1\" content=\"1\u00a0Minute\" \/>\n<script type=\"application\/ld+json\" class=\"yoast-schema-graph\">{\"@context\":\"https:\/\/schema.org\",\"@graph\":[{\"@type\":\"WebPage\",\"@id\":\"https:\/\/spalder.com\/de\/publishing\/\",\"url\":\"https:\/\/spalder.com\/de\/publishing\/\",\"name\":\"Publishing - Spalder Media Group\",\"isPartOf\":{\"@id\":\"https:\/\/spalder.com\/#website\"},\"datePublished\":\"2020-04-08T12:15:48+00:00\",\"dateModified\":\"2024-06-13T08:51:50+00:00\",\"breadcrumb\":{\"@id\":\"https:\/\/spalder.com\/de\/publishing\/#breadcrumb\"},\"inLanguage\":\"de\",\"potentialAction\":[{\"@type\":\"ReadAction\",\"target\":[\"https:\/\/spalder.com\/de\/publishing\/\"]}]},{\"@type\":\"BreadcrumbList\",\"@id\":\"https:\/\/spalder.com\/de\/publishing\/#breadcrumb\",\"itemListElement\":[{\"@type\":\"ListItem\",\"position\":1,\"name\":\"Home\",\"item\":\"https:\/\/spalder.com\/de\/\"},{\"@type\":\"ListItem\",\"position\":2,\"name\":\"Publishing\"}]},{\"@type\":\"WebSite\",\"@id\":\"https:\/\/spalder.com\/#website\",\"url\":\"https:\/\/spalder.com\/\",\"name\":\"Spalder Media Group\",\"description\":\"We bring you Dutch tourists\",\"publisher\":{\"@id\":\"https:\/\/spalder.com\/#organization\"},\"potentialAction\":[{\"@type\":\"SearchAction\",\"target\":{\"@type\":\"EntryPoint\",\"urlTemplate\":\"https:\/\/spalder.com\/?s={search_term_string}\"},\"query-input\":{\"@type\":\"PropertyValueSpecification\",\"valueRequired\":true,\"valueName\":\"search_term_string\"}}],\"inLanguage\":\"de\"},{\"@type\":\"Organization\",\"@id\":\"https:\/\/spalder.com\/#organization\",\"name\":\"Spalder Media Group\",\"url\":\"https:\/\/spalder.com\/\",\"logo\":{\"@type\":\"ImageObject\",\"inLanguage\":\"de\",\"@id\":\"https:\/\/spalder.com\/#\/schema\/logo\/image\/\",\"url\":\"https:\/\/spalder.com\/wp-content\/uploads\/2020\/09\/SMG_2020_High.png\",\"contentUrl\":\"https:\/\/spalder.com\/wp-content\/uploads\/2020\/09\/SMG_2020_High.png\",\"width\":1489,\"height\":1319,\"caption\":\"Spalder Media Group\"},\"image\":{\"@id\":\"https:\/\/spalder.com\/#\/schema\/logo\/image\/\"}}]}<\/script>\n<!-- \/ Yoast SEO plugin. -->","yoast_head_json":{"title":"Publishing - Spalder Media Group","robots":{"index":"index","follow":"follow","max-snippet":"max-snippet:-1","max-image-preview":"max-image-preview:large","max-video-preview":"max-video-preview:-1"},"canonical":"https:\/\/spalder.com\/de\/publishing\/","og_locale":"de_DE","og_type":"article","og_title":"Publishing - Spalder Media Group","og_description":"[vc_row css=&#8220;.vc_custom_1593092092166{margin-top: -80px !important;}&#8220;][vc_column][vc_separator][\/vc_column][\/vc_row][vc_row][vc_column width=&#8220;1\/2&#8243;][vc_single_image image=&#8220;8663&#8243; img_size=&#8220;large&#8220;][\/vc_column][vc_column width=&#8220;1\/2&#8243;][vc_column_text] Wir sind in 5 L\u00e4ndern aktiv Als Herausgeber ist die Spalder Media Group in 5 verschiedenen L\u00e4ndern t\u00e4tig. All unsrere Plattformen haben den Fokus Besucher mit einer Begeisterung f\u00fcr die Berge zu generieren. Im Sommer und Winter haben wir mehrere tausende Besucher auf unseren Webseiten. All diese [&hellip;]","og_url":"https:\/\/spalder.com\/de\/publishing\/","og_site_name":"Spalder Media Group","article_modified_time":"2024-06-13T08:51:50+00:00","twitter_card":"summary_large_image","twitter_misc":{"Gesch\u00e4tzte Lesezeit":"1\u00a0Minute"},"schema":{"@context":"https:\/\/schema.org","@graph":[{"@type":"WebPage","@id":"https:\/\/spalder.com\/de\/publishing\/","url":"https:\/\/spalder.com\/de\/publishing\/","name":"Publishing - Spalder Media Group","isPartOf":{"@id":"https:\/\/spalder.com\/#website"},"datePublished":"2020-04-08T12:15:48+00:00","dateModified":"2024-06-13T08:51:50+00:00","breadcrumb":{"@id":"https:\/\/spalder.com\/de\/publishing\/#breadcrumb"},"inLanguage":"de","potentialAction":[{"@type":"ReadAction","target":["https:\/\/spalder.com\/de\/publishing\/"]}]},{"@type":"BreadcrumbList","@id":"https:\/\/spalder.com\/de\/publishing\/#breadcrumb","itemListElement":[{"@type":"ListItem","position":1,"name":"Home","item":"https:\/\/spalder.com\/de\/"},{"@type":"ListItem","position":2,"name":"Publishing"}]},{"@type":"WebSite","@id":"https:\/\/spalder.com\/#website","url":"https:\/\/spalder.com\/","name":"Spalder Media Group","description":"We bring you Dutch tourists","publisher":{"@id":"https:\/\/spalder.com\/#organization"},"potentialAction":[{"@type":"SearchAction","target":{"@type":"EntryPoint","urlTemplate":"https:\/\/spalder.com\/?s={search_term_string}"},"query-input":{"@type":"PropertyValueSpecification","valueRequired":true,"valueName":"search_term_string"}}],"inLanguage":"de"},{"@type":"Organization","@id":"https:\/\/spalder.com\/#organization","name":"Spalder Media Group","url":"https:\/\/spalder.com\/","logo":{"@type":"ImageObject","inLanguage":"de","@id":"https:\/\/spalder.com\/#\/schema\/logo\/image\/","url":"https:\/\/spalder.com\/wp-content\/uploads\/2020\/09\/SMG_2020_High.png","contentUrl":"https:\/\/spalder.com\/wp-content\/uploads\/2020\/09\/SMG_2020_High.png","width":1489,"height":1319,"caption":"Spalder Media Group"},"image":{"@id":"https:\/\/spalder.com\/#\/schema\/logo\/image\/"}}]}},"_links":{"self":[{"href":"https:\/\/spalder.com\/de\/wp-json\/wp\/v2\/pages\/7409"}],"collection":[{"href":"https:\/\/spalder.com\/de\/wp-json\/wp\/v2\/pages"}],"about":[{"href":"https:\/\/spalder.com\/de\/wp-json\/wp\/v2\/types\/page"}],"author":[{"embeddable":true,"href":"https:\/\/spalder.com\/de\/wp-json\/wp\/v2\/users\/3"}],"replies":[{"embeddable":true,"href":"https:\/\/spalder.com\/de\/wp-json\/wp\/v2\/comments?post=7409"}],"version-history":[{"count":51,"href":"https:\/\/spalder.com\/de\/wp-json\/wp\/v2\/pages\/7409\/revisions"}],"predecessor-version":[{"id":12319,"href":"https:\/\/spalder.com\/de\/wp-json\/wp\/v2\/pages\/7409\/revisions\/12319"}],"wp:attachment":[{"href":"https:\/\/spalder.com\/de\/wp-json\/wp\/v2\/media?parent=7409"}],"curies":[{"name":"wp","href":"https:\/\/api.w.org\/{rel}","templated":true}]}}