{"id":7515,"date":"2020-04-15T13:29:30","date_gmt":"2020-04-15T11:29:30","guid":{"rendered":"https:\/\/spalder.com\/publishing\/online\/"},"modified":"2021-02-11T10:13:26","modified_gmt":"2021-02-11T09:13:26","slug":"online","status":"publish","type":"page","link":"https:\/\/spalder.com\/de\/publishing\/online\/","title":{"rendered":"Online"},"content":{"rendered":"<p>[vc_row][vc_column width=&#8220;1\/3&#8243;][vc_single_image image=&#8220;7018&#8243; img_size=&#8220;large&#8220;][\/vc_column][vc_column width=&#8220;1\/3&#8243;][vc_column_text]<\/p>\n<h2>WIR SIND IN 5 EUROP\u00c4ISCHEN L\u00c4NDERN AKTIV<\/h2>\n<p>M\u00f6chten Sie eine regionale, nationale oder internationale Zielgruppe erreichen? Und m\u00f6chten Sie, dass diese Zielgruppe einen Bezug zu den Bergen hat? Mit unseren Branding- und Performance-Plattformen k\u00f6nnen wir ma\u00dfgeschneiderte Kampagnen anbieten.<\/p>\n<p>M\u00f6chten Sie eine Bannerkampagne, bei der wir Klicks auf Ihre Website generieren? Oder suchen Sie nach Content-Kreationen, bei denen wir Inhalte \u00fcber ein Produkt, eine Region oder eine Marke schreiben?<\/p>\n<ul>\n<li>Unsere Produkte pro Plattform? <a href=\"https:\/\/spalder.com\/de\/publishing\/produkte\/\">Hier klicken!<\/a><\/li>\n<\/ul>\n<p>[\/vc_column_text][\/vc_column][vc_column width=&#8220;1\/3&#8243;]<div class=\"team-member \"  ><div class=\"image-box circle-image small\"><img decoding=\"async\" src=\"https:\/\/spalder.com\/wp-content\/uploads\/2017\/02\/Vera-300x300_c.jpg\" alt=\"\"><\/div><div class=\"image-box-description text-center\"><h4>Vera Dormans<\/h4><p class=\"subtitle\">Call: +31 20 521 81 32<\/p><hr class=\"line\"><\/div><\/div>[\/vc_column][\/vc_row][vc_row][vc_column][vc_separator][\/vc_column][\/vc_row][vc_row][vc_column width=&#8220;1\/3&#8243;][vc_single_image image=&#8220;7004&#8243; img_size=&#8220;large&#8220;][\/vc_column][vc_column width=&#8220;1\/3&#8243;][vc_column_text]<\/p>\n<h2>Snowplaza<\/h2>\n<p>\u00dcber 10 Millionen Urlauber planen ihren Skiurlaub auf den Snowplaza-Websites. Unsere Webseitenbesucher finden n\u00fctzliche Informationen zu Skigebieten und -regionen, Schneeberichten, Unterk\u00fcnften und vielem mehr.<\/p>\n<ul>\n<li>Erh\u00e4ltlich in 5 L\u00e4ndern<\/li>\n<li>Performance Plattform<\/li>\n<li>NL 3.1 Millionen User<\/li>\n<li>BE 900.000 User<\/li>\n<li>DE 7.2 Millionen User<\/li>\n<li>FR 1.4 Millionen User<\/li>\n<li>UK 1.7 Millionen User<\/li>\n<\/ul>\n<p>[\/vc_column_text][vc_separator][\/vc_column][vc_column width=&#8220;1\/3&#8243;][vc_btn title=&#8220;NL Webseite besuchen&#8220; style=&#8220;classic&#8220; color=&#8220;default&#8220; size=&#8220;sm&#8220; link=&#8220;url:https%3A%2F%2Fwww.snowplaza.nl%2F|target:%20_blank|&#8220;][vc_btn title=&#8220;DE Webseite besuchen&#8220; style=&#8220;classic&#8220; color=&#8220;default&#8220; size=&#8220;sm&#8220; link=&#8220;url:https%3A%2F%2Fwww.snowplaza.de|target:%20_blank|&#8220;][vc_btn title=&#8220;BE Webseite besuchen&#8220; style=&#8220;classic&#8220; color=&#8220;default&#8220; size=&#8220;sm&#8220; link=&#8220;url:https%3A%2F%2Fwww.snowplaza.be|target:%20_blank|&#8220;][\/vc_column][\/vc_row][vc_row][vc_column width=&#8220;1\/3&#8243;][vc_single_image image=&#8220;7006&#8243; img_size=&#8220;large&#8220;][\/vc_column][vc_column width=&#8220;1\/3&#8243;][vc_column_text]<\/p>\n<h2>Skiinformatie.nl<\/h2>\n<p>Skiinformatie.nl ist die Nachrichten- und Unterhaltungswebsite f\u00fcr das niederl\u00e4ndische und belgische Wintersportpublikum. Unsere begeisterten Autoren informieren unsere Follower mit den coolsten und besten Informationen \u00fcber alles, was mit Skifahren und Winter zu tun hat.<\/p>\n<ul id=\"checklist-1\" class=\"list-icon circle-yes list-icon-ok\">\n<li>Verf\u00fcgbar in Europa in 2 Sprachen\n<ul id=\"checklist-1\" class=\"list-icon circle-yes list-icon-ok\">\n<li>Niederlande<\/li>\n<li>Deutschland<\/li>\n<\/ul>\n<\/li>\n<li>Content is king<\/li>\n<li>3 Millionen Users pro Jahr<\/li>\n<li>9.5 Millionen Sitzungen pro Jahr<\/li>\n<\/ul>\n<p>[\/vc_column_text][vc_separator][\/vc_column][vc_column width=&#8220;1\/3&#8243;][vc_btn title=&#8220;NL Webseite besuchen&#8220; style=&#8220;classic&#8220; size=&#8220;sm&#8220;][vc_btn title=&#8220;DE Webseite besuchen&#8220; style=&#8220;classic&#8220; size=&#8220;sm&#8220; link=&#8220;url:https%3A%2F%2Fwww.skinachrichten.de|target:%20_blank|&#8220;][\/vc_column][\/vc_row][vc_row][vc_column width=&#8220;1\/3&#8243;][vc_single_image image=&#8220;7012&#8243; img_size=&#8220;medium&#8220; alignment=&#8220;center&#8220;][\/vc_column][vc_column width=&#8220;1\/3&#8243;][vc_column_text]<\/p>\n<h2>Inde(n)bergen<\/h2>\n<p>Indenbergen ist ein umfassendes Online-Portal f\u00fcr Sommerurlaub in den Alpen, im Sauerland und in den Ardennen. Webseitenbesucher erhalten Informationen zum Wandern, Klettern und Radfahren in den Alpen. Das Angebot umfasst Fotos, Wetterinformationen, n\u00fctzliche Links, t\u00e4gliche Blog-Beitr\u00e4ge und den neuesten alpinen Wetterbericht.<\/p>\n<ul id=\"checklist-1\" class=\"list-icon circle-yes list-icon-ok\">\n<li>Marktf\u00fchrer in den Niederlanden<\/li>\n<li>In 3 Sprachen in Europa verf\u00fcgbar\n<ul id=\"checklist-1\" class=\"list-icon circle-yes list-icon-ok\">\n<li>Niederlande<\/li>\n<li>Deutschland<\/li>\n<li>Belgien<\/li>\n<\/ul>\n<\/li>\n<li>Gezielter Werbefeed<\/li>\n<\/ul>\n<p><strong>BESUCHER PRO JAHR<\/strong><\/p>\n<ul id=\"checklist-1\" class=\"list-icon circle-yes list-icon-ok\">\n<li>Deutschland: 870.000<\/li>\n<li>Niederlande: 1.25 million<\/li>\n<li>Belgien: 650.000<\/li>\n<\/ul>\n<p>[\/vc_column_text][vc_separator][\/vc_column][vc_column width=&#8220;1\/3&#8243;][vc_btn title=&#8220;NL Webseite besuchen&#8220; style=&#8220;classic&#8220; size=&#8220;sm&#8220; link=&#8220;url:https%3A%2F%2Fwww.indebergen.nl|target:%20_blank|&#8220;][vc_btn title=&#8220;BE Webseite besuchen&#8220; style=&#8220;classic&#8220; size=&#8220;sm&#8220; link=&#8220;url:https%3A%2F%2Fwww.indebergen.be|target:%20_blank|&#8220;][vc_btn title=&#8220;DE Webseite besuchen&#8220; style=&#8220;classic&#8220; size=&#8220;sm&#8220; link=&#8220;url:https%3A%2F%2Fwww.indenbergen.de|target:%20_blank|&#8220;][\/vc_column][\/vc_row][vc_row][vc_column width=&#8220;1\/3&#8243;][vc_single_image image=&#8220;7008&#8243; img_size=&#8220;medium&#8220; alignment=&#8220;center&#8220;][\/vc_column][vc_column width=&#8220;1\/3&#8243;][vc_column_text]<\/p>\n<h2>24 UUR IN<\/h2>\n<p>F\u00fcr unsere Webserie besuchen wir Regionen f\u00fcr 24 Stunden. In 20 Minuten zeigen wir Ihnen, was eine Region zu bieten hat. Das Video wird \u00fcber unsere eigenen Plattformen sowie \u00fcber Facebook und YouTube verbreitet.<\/p>\n<ul id=\"checklist-1\" class=\"list-icon circle-yes list-icon-ok\">\n<li>20 Folgen pro Jahr<\/li>\n<li>Reichweite einer Folge: +\/- 100.000 Personen<\/li>\n<li>In einer Sprache in Europa verf\u00fcgbar<\/li>\n<li>Video fokussiert<\/li>\n<\/ul>\n<p>[\/vc_column_text][vc_separator][\/vc_column][vc_column width=&#8220;1\/3&#8243;][vc_btn title=&#8220;Die Webserie&#8220; style=&#8220;classic&#8220; size=&#8220;sm&#8220; link=&#8220;url:https%3A%2F%2Fwww.24uurin.nl%2F24-uur-in%2F|target:%20_blank|&#8220;][vc_btn title=&#8220;Das Magazin&#8220; style=&#8220;classic&#8220; size=&#8220;sm&#8220; link=&#8220;url:https%3A%2F%2Fspalder.com%2Fde%2Fpublishing%2Foffline%2F|title:Offline|target:%20_blank|&#8220;][\/vc_column][\/vc_row]<\/p>\n","protected":false},"excerpt":{"rendered":"<p>[vc_row][vc_column width=&#8220;1\/3&#8243;][vc_single_image image=&#8220;7018&#8243; img_size=&#8220;large&#8220;][\/vc_column][vc_column width=&#8220;1\/3&#8243;][vc_column_text] WIR SIND IN 5 EUROP\u00c4ISCHEN L\u00c4NDERN AKTIV M\u00f6chten Sie eine regionale, nationale oder internationale Zielgruppe erreichen? Und m\u00f6chten Sie, dass diese Zielgruppe einen Bezug zu den Bergen hat? Mit unseren Branding- und Performance-Plattformen k\u00f6nnen wir ma\u00dfgeschneiderte Kampagnen anbieten. M\u00f6chten Sie eine Bannerkampagne, bei der wir Klicks auf Ihre Website generieren? [&hellip;]<\/p>\n","protected":false},"author":3,"featured_media":0,"parent":7409,"menu_order":0,"comment_status":"closed","ping_status":"closed","template":"","meta":{"footnotes":""},"class_list":["post-7515","page","type-page","status-publish","hentry"],"yoast_head":"<!-- This site is optimized with the Yoast SEO plugin v25.6 - https:\/\/yoast.com\/wordpress\/plugins\/seo\/ -->\n<title>Online - Spalder Media Group<\/title>\n<meta name=\"robots\" content=\"index, follow, max-snippet:-1, max-image-preview:large, max-video-preview:-1\" \/>\n<link rel=\"canonical\" href=\"https:\/\/spalder.com\/de\/publishing\/online\/\" \/>\n<meta property=\"og:locale\" content=\"de_DE\" \/>\n<meta property=\"og:type\" content=\"article\" \/>\n<meta property=\"og:title\" content=\"Online - Spalder Media Group\" \/>\n<meta property=\"og:description\" content=\"[vc_row][vc_column width=&#8220;1\/3&#8243;][vc_single_image image=&#8220;7018&#8243; img_size=&#8220;large&#8220;][\/vc_column][vc_column width=&#8220;1\/3&#8243;][vc_column_text] WIR SIND IN 5 EUROP\u00c4ISCHEN L\u00c4NDERN AKTIV M\u00f6chten Sie eine regionale, nationale oder internationale Zielgruppe erreichen? Und m\u00f6chten Sie, dass diese Zielgruppe einen Bezug zu den Bergen hat? Mit unseren Branding- und Performance-Plattformen k\u00f6nnen wir ma\u00dfgeschneiderte Kampagnen anbieten. M\u00f6chten Sie eine Bannerkampagne, bei der wir Klicks auf Ihre Website generieren? [&hellip;]\" \/>\n<meta property=\"og:url\" content=\"https:\/\/spalder.com\/de\/publishing\/online\/\" \/>\n<meta property=\"og:site_name\" content=\"Spalder Media Group\" \/>\n<meta property=\"article:modified_time\" content=\"2021-02-11T09:13:26+00:00\" \/>\n<meta name=\"twitter:card\" content=\"summary_large_image\" \/>\n<meta name=\"twitter:label1\" content=\"Gesch\u00e4tzte Lesezeit\" \/>\n\t<meta name=\"twitter:data1\" content=\"4\u00a0Minuten\" \/>\n<script type=\"application\/ld+json\" class=\"yoast-schema-graph\">{\"@context\":\"https:\/\/schema.org\",\"@graph\":[{\"@type\":\"WebPage\",\"@id\":\"https:\/\/spalder.com\/de\/publishing\/online\/\",\"url\":\"https:\/\/spalder.com\/de\/publishing\/online\/\",\"name\":\"Online - Spalder Media Group\",\"isPartOf\":{\"@id\":\"https:\/\/spalder.com\/#website\"},\"datePublished\":\"2020-04-15T11:29:30+00:00\",\"dateModified\":\"2021-02-11T09:13:26+00:00\",\"breadcrumb\":{\"@id\":\"https:\/\/spalder.com\/de\/publishing\/online\/#breadcrumb\"},\"inLanguage\":\"de\",\"potentialAction\":[{\"@type\":\"ReadAction\",\"target\":[\"https:\/\/spalder.com\/de\/publishing\/online\/\"]}]},{\"@type\":\"BreadcrumbList\",\"@id\":\"https:\/\/spalder.com\/de\/publishing\/online\/#breadcrumb\",\"itemListElement\":[{\"@type\":\"ListItem\",\"position\":1,\"name\":\"Home\",\"item\":\"https:\/\/spalder.com\/de\/\"},{\"@type\":\"ListItem\",\"position\":2,\"name\":\"Publishing\",\"item\":\"https:\/\/spalder.com\/de\/publishing\/\"},{\"@type\":\"ListItem\",\"position\":3,\"name\":\"Online\"}]},{\"@type\":\"WebSite\",\"@id\":\"https:\/\/spalder.com\/#website\",\"url\":\"https:\/\/spalder.com\/\",\"name\":\"Spalder Media Group\",\"description\":\"We bring you Dutch tourists\",\"publisher\":{\"@id\":\"https:\/\/spalder.com\/#organization\"},\"potentialAction\":[{\"@type\":\"SearchAction\",\"target\":{\"@type\":\"EntryPoint\",\"urlTemplate\":\"https:\/\/spalder.com\/?s={search_term_string}\"},\"query-input\":{\"@type\":\"PropertyValueSpecification\",\"valueRequired\":true,\"valueName\":\"search_term_string\"}}],\"inLanguage\":\"de\"},{\"@type\":\"Organization\",\"@id\":\"https:\/\/spalder.com\/#organization\",\"name\":\"Spalder Media Group\",\"url\":\"https:\/\/spalder.com\/\",\"logo\":{\"@type\":\"ImageObject\",\"inLanguage\":\"de\",\"@id\":\"https:\/\/spalder.com\/#\/schema\/logo\/image\/\",\"url\":\"https:\/\/spalder.com\/wp-content\/uploads\/2020\/09\/SMG_2020_High.png\",\"contentUrl\":\"https:\/\/spalder.com\/wp-content\/uploads\/2020\/09\/SMG_2020_High.png\",\"width\":1489,\"height\":1319,\"caption\":\"Spalder Media Group\"},\"image\":{\"@id\":\"https:\/\/spalder.com\/#\/schema\/logo\/image\/\"}}]}<\/script>\n<!-- \/ Yoast SEO plugin. -->","yoast_head_json":{"title":"Online - Spalder Media Group","robots":{"index":"index","follow":"follow","max-snippet":"max-snippet:-1","max-image-preview":"max-image-preview:large","max-video-preview":"max-video-preview:-1"},"canonical":"https:\/\/spalder.com\/de\/publishing\/online\/","og_locale":"de_DE","og_type":"article","og_title":"Online - Spalder Media Group","og_description":"[vc_row][vc_column width=&#8220;1\/3&#8243;][vc_single_image image=&#8220;7018&#8243; img_size=&#8220;large&#8220;][\/vc_column][vc_column width=&#8220;1\/3&#8243;][vc_column_text] WIR SIND IN 5 EUROP\u00c4ISCHEN L\u00c4NDERN AKTIV M\u00f6chten Sie eine regionale, nationale oder internationale Zielgruppe erreichen? Und m\u00f6chten Sie, dass diese Zielgruppe einen Bezug zu den Bergen hat? Mit unseren Branding- und Performance-Plattformen k\u00f6nnen wir ma\u00dfgeschneiderte Kampagnen anbieten. M\u00f6chten Sie eine Bannerkampagne, bei der wir Klicks auf Ihre Website generieren? [&hellip;]","og_url":"https:\/\/spalder.com\/de\/publishing\/online\/","og_site_name":"Spalder Media Group","article_modified_time":"2021-02-11T09:13:26+00:00","twitter_card":"summary_large_image","twitter_misc":{"Gesch\u00e4tzte Lesezeit":"4\u00a0Minuten"},"schema":{"@context":"https:\/\/schema.org","@graph":[{"@type":"WebPage","@id":"https:\/\/spalder.com\/de\/publishing\/online\/","url":"https:\/\/spalder.com\/de\/publishing\/online\/","name":"Online - Spalder Media Group","isPartOf":{"@id":"https:\/\/spalder.com\/#website"},"datePublished":"2020-04-15T11:29:30+00:00","dateModified":"2021-02-11T09:13:26+00:00","breadcrumb":{"@id":"https:\/\/spalder.com\/de\/publishing\/online\/#breadcrumb"},"inLanguage":"de","potentialAction":[{"@type":"ReadAction","target":["https:\/\/spalder.com\/de\/publishing\/online\/"]}]},{"@type":"BreadcrumbList","@id":"https:\/\/spalder.com\/de\/publishing\/online\/#breadcrumb","itemListElement":[{"@type":"ListItem","position":1,"name":"Home","item":"https:\/\/spalder.com\/de\/"},{"@type":"ListItem","position":2,"name":"Publishing","item":"https:\/\/spalder.com\/de\/publishing\/"},{"@type":"ListItem","position":3,"name":"Online"}]},{"@type":"WebSite","@id":"https:\/\/spalder.com\/#website","url":"https:\/\/spalder.com\/","name":"Spalder Media Group","description":"We bring you Dutch tourists","publisher":{"@id":"https:\/\/spalder.com\/#organization"},"potentialAction":[{"@type":"SearchAction","target":{"@type":"EntryPoint","urlTemplate":"https:\/\/spalder.com\/?s={search_term_string}"},"query-input":{"@type":"PropertyValueSpecification","valueRequired":true,"valueName":"search_term_string"}}],"inLanguage":"de"},{"@type":"Organization","@id":"https:\/\/spalder.com\/#organization","name":"Spalder Media Group","url":"https:\/\/spalder.com\/","logo":{"@type":"ImageObject","inLanguage":"de","@id":"https:\/\/spalder.com\/#\/schema\/logo\/image\/","url":"https:\/\/spalder.com\/wp-content\/uploads\/2020\/09\/SMG_2020_High.png","contentUrl":"https:\/\/spalder.com\/wp-content\/uploads\/2020\/09\/SMG_2020_High.png","width":1489,"height":1319,"caption":"Spalder Media Group"},"image":{"@id":"https:\/\/spalder.com\/#\/schema\/logo\/image\/"}}]}},"_links":{"self":[{"href":"https:\/\/spalder.com\/de\/wp-json\/wp\/v2\/pages\/7515"}],"collection":[{"href":"https:\/\/spalder.com\/de\/wp-json\/wp\/v2\/pages"}],"about":[{"href":"https:\/\/spalder.com\/de\/wp-json\/wp\/v2\/types\/page"}],"author":[{"embeddable":true,"href":"https:\/\/spalder.com\/de\/wp-json\/wp\/v2\/users\/3"}],"replies":[{"embeddable":true,"href":"https:\/\/spalder.com\/de\/wp-json\/wp\/v2\/comments?post=7515"}],"version-history":[{"count":13,"href":"https:\/\/spalder.com\/de\/wp-json\/wp\/v2\/pages\/7515\/revisions"}],"predecessor-version":[{"id":7987,"href":"https:\/\/spalder.com\/de\/wp-json\/wp\/v2\/pages\/7515\/revisions\/7987"}],"up":[{"embeddable":true,"href":"https:\/\/spalder.com\/de\/wp-json\/wp\/v2\/pages\/7409"}],"wp:attachment":[{"href":"https:\/\/spalder.com\/de\/wp-json\/wp\/v2\/media?parent=7515"}],"curies":[{"name":"wp","href":"https:\/\/api.w.org\/{rel}","templated":true}]}}