{"id":7521,"date":"2020-04-15T13:46:19","date_gmt":"2020-04-15T11:46:19","guid":{"rendered":"https:\/\/spalder.com\/publishing\/offline\/"},"modified":"2022-10-07T13:54:35","modified_gmt":"2022-10-07T11:54:35","slug":"offline","status":"publish","type":"page","link":"https:\/\/spalder.com\/de\/publishing\/offline\/","title":{"rendered":"Offline"},"content":{"rendered":"<p>[vc_row][vc_column width=&#8220;1\/2&#8243;][vc_single_image image=&#8220;11821&#8243; img_size=&#8220;full&#8220; alignment=&#8220;center&#8220;][\/vc_column][vc_column width=&#8220;1\/2&#8243;][vc_single_image image=&#8220;7176&#8243; img_size=&#8220;full&#8220; alignment=&#8220;center&#8220;][\/vc_column][\/vc_row][vc_row][vc_column width=&#8220;1\/2&#8243;][vc_separator][vc_column_text]<\/p>\n<h2 style=\"text-align: center;\">WINTER MAGAZIN<\/h2>\n<p>Zeitschriften sind nach wie vor ein wesentlicher Bestandteil der niederl\u00e4ndischen Medienwelt. Die Kombination von Online- und Offline-Werbung bleibt von unsch\u00e4tzbarem Wert. Jedes Jahr im November ver\u00f6ffentlichen wir unser eigenes Snowplaza Wintermagazin. Eine Zeitschrift mit detaillierten Informationen \u00fcber Regionen, Tipps f\u00fcr die Feiertage, sch\u00f6nen Fotoberichten und typischen Gerichten aus den Bergen. Es ist eine kostenlose Zeitschrift, die \u00fcber unsere Vertriebspartner vertrieben wird. M\u00f6chten Sie in Winterstimmung kommen? Lesen Sie jetzt unser kostenloses Wintermagazin.[\/vc_column_text]<a class=\"button rounded custom\" href=\"https:\/\/spalder.com\/wp-content\/uploads\/2022\/10\/Mediakit-Magazin-Winter_compressed-2.pdf\" target=\"_blank\" style=\"border:none;background-color:#8ca2a5;color:#ffffff;\" ><span>Werbepreise? Hier downloaden!<\/span><\/a><a class=\"button rounded custom\" href=\"https:\/\/spalder.com\/wp-content\/uploads\/2022\/08\/Mediakit-Magazin-Winter_compressed-1.pdf\" target=\"_self\" style=\"border:none;background-color:#8ca2a5;color:#ffffff;\" ><span>Vorbild Wintermagazin? Hier klicken!<\/span><\/a>[\/vc_column][vc_column width=&#8220;1\/2&#8243;][vc_separator][vc_column_text]<\/p>\n<h2 style=\"text-align: center;\">SOMMER MAGAZIN<\/h2>\n<p>Auf der Couch sitzen und in Urlaubsstimmung kommen? Mit unserem 24 UUR IN Sommermagazin k\u00f6nnen Sie viele Informationen \u00fcber Bergregionen lesen, Tipps von Experten erhalten und sich f\u00fcr einen wundersch\u00f6nen Urlaub in den Bergen inspirieren lassen. Neben Informationen bieten wir Ihnen auch die leckersten Rezepte aus den Bergen und die Chance tolle Preise zu gewinnen. Haben Sie unser Sommermagazin schon gelesen? Holen Sie es jetzt kostenlos bei einem unserer Vertriebspartner ab.[\/vc_column_text]<a class=\"button rounded custom\" href=\"https:\/\/spalder.com\/download\/5355\/\" target=\"_self\" style=\"border:none;background-color:#8ca2a5;color:#ffffff;\" ><span>Werbepreise? Hier downloaden!<\/span><\/a><a class=\"button rounded custom\" href=\"https:\/\/www.24uurin.nl\/24-uur-in-magazine\/24-uur-in-zomer-magazine\/24-uur-in-zomer-magazine-2019\/\" target=\"_self\" style=\"border:none;background-color:#8ca2a5;color:#ffffff;\" ><span>Vorbild Wintermagazin? Hier klicken!<\/span><\/a>[\/vc_column][\/vc_row][vc_row][vc_column width=&#8220;1\/2&#8243;][\/vc_column][vc_column width=&#8220;1\/2&#8243;][\/vc_column][\/vc_row]<\/p>\n","protected":false},"excerpt":{"rendered":"<p>[vc_row][vc_column width=&#8220;1\/2&#8243;][vc_single_image image=&#8220;11821&#8243; img_size=&#8220;full&#8220; alignment=&#8220;center&#8220;][\/vc_column][vc_column width=&#8220;1\/2&#8243;][vc_single_image image=&#8220;7176&#8243; img_size=&#8220;full&#8220; alignment=&#8220;center&#8220;][\/vc_column][\/vc_row][vc_row][vc_column width=&#8220;1\/2&#8243;][vc_separator][vc_column_text] WINTER MAGAZIN Zeitschriften sind nach wie vor ein wesentlicher Bestandteil der niederl\u00e4ndischen Medienwelt. Die Kombination von Online- und Offline-Werbung bleibt von unsch\u00e4tzbarem Wert. Jedes Jahr im November ver\u00f6ffentlichen wir unser eigenes Snowplaza Wintermagazin. Eine Zeitschrift mit detaillierten Informationen \u00fcber Regionen, Tipps f\u00fcr die Feiertage, sch\u00f6nen [&hellip;]<\/p>\n","protected":false},"author":3,"featured_media":0,"parent":7409,"menu_order":0,"comment_status":"closed","ping_status":"closed","template":"","meta":{"footnotes":""},"class_list":["post-7521","page","type-page","status-publish","hentry"],"yoast_head":"<!-- This site is optimized with the Yoast SEO plugin v25.6 - https:\/\/yoast.com\/wordpress\/plugins\/seo\/ -->\n<title>Offline - Spalder Media Group<\/title>\n<meta name=\"robots\" content=\"index, follow, max-snippet:-1, max-image-preview:large, max-video-preview:-1\" \/>\n<link rel=\"canonical\" href=\"https:\/\/spalder.com\/de\/publishing\/offline\/\" \/>\n<meta property=\"og:locale\" content=\"de_DE\" \/>\n<meta property=\"og:type\" content=\"article\" \/>\n<meta property=\"og:title\" content=\"Offline - Spalder Media Group\" \/>\n<meta property=\"og:description\" content=\"[vc_row][vc_column width=&#8220;1\/2&#8243;][vc_single_image image=&#8220;11821&#8243; img_size=&#8220;full&#8220; alignment=&#8220;center&#8220;][\/vc_column][vc_column width=&#8220;1\/2&#8243;][vc_single_image image=&#8220;7176&#8243; img_size=&#8220;full&#8220; alignment=&#8220;center&#8220;][\/vc_column][\/vc_row][vc_row][vc_column width=&#8220;1\/2&#8243;][vc_separator][vc_column_text] WINTER MAGAZIN Zeitschriften sind nach wie vor ein wesentlicher Bestandteil der niederl\u00e4ndischen Medienwelt. Die Kombination von Online- und Offline-Werbung bleibt von unsch\u00e4tzbarem Wert. Jedes Jahr im November ver\u00f6ffentlichen wir unser eigenes Snowplaza Wintermagazin. Eine Zeitschrift mit detaillierten Informationen \u00fcber Regionen, Tipps f\u00fcr die Feiertage, sch\u00f6nen [&hellip;]\" \/>\n<meta property=\"og:url\" content=\"https:\/\/spalder.com\/de\/publishing\/offline\/\" \/>\n<meta property=\"og:site_name\" content=\"Spalder Media Group\" \/>\n<meta property=\"article:modified_time\" content=\"2022-10-07T11:54:35+00:00\" \/>\n<meta name=\"twitter:card\" content=\"summary_large_image\" \/>\n<meta name=\"twitter:label1\" content=\"Gesch\u00e4tzte Lesezeit\" \/>\n\t<meta name=\"twitter:data1\" content=\"2\u00a0Minuten\" \/>\n<script type=\"application\/ld+json\" class=\"yoast-schema-graph\">{\"@context\":\"https:\/\/schema.org\",\"@graph\":[{\"@type\":\"WebPage\",\"@id\":\"https:\/\/spalder.com\/de\/publishing\/offline\/\",\"url\":\"https:\/\/spalder.com\/de\/publishing\/offline\/\",\"name\":\"Offline - Spalder Media Group\",\"isPartOf\":{\"@id\":\"https:\/\/spalder.com\/#website\"},\"datePublished\":\"2020-04-15T11:46:19+00:00\",\"dateModified\":\"2022-10-07T11:54:35+00:00\",\"breadcrumb\":{\"@id\":\"https:\/\/spalder.com\/de\/publishing\/offline\/#breadcrumb\"},\"inLanguage\":\"de\",\"potentialAction\":[{\"@type\":\"ReadAction\",\"target\":[\"https:\/\/spalder.com\/de\/publishing\/offline\/\"]}]},{\"@type\":\"BreadcrumbList\",\"@id\":\"https:\/\/spalder.com\/de\/publishing\/offline\/#breadcrumb\",\"itemListElement\":[{\"@type\":\"ListItem\",\"position\":1,\"name\":\"Home\",\"item\":\"https:\/\/spalder.com\/de\/\"},{\"@type\":\"ListItem\",\"position\":2,\"name\":\"Publishing\",\"item\":\"https:\/\/spalder.com\/de\/publishing\/\"},{\"@type\":\"ListItem\",\"position\":3,\"name\":\"Offline\"}]},{\"@type\":\"WebSite\",\"@id\":\"https:\/\/spalder.com\/#website\",\"url\":\"https:\/\/spalder.com\/\",\"name\":\"Spalder Media Group\",\"description\":\"We bring you Dutch tourists\",\"publisher\":{\"@id\":\"https:\/\/spalder.com\/#organization\"},\"potentialAction\":[{\"@type\":\"SearchAction\",\"target\":{\"@type\":\"EntryPoint\",\"urlTemplate\":\"https:\/\/spalder.com\/?s={search_term_string}\"},\"query-input\":{\"@type\":\"PropertyValueSpecification\",\"valueRequired\":true,\"valueName\":\"search_term_string\"}}],\"inLanguage\":\"de\"},{\"@type\":\"Organization\",\"@id\":\"https:\/\/spalder.com\/#organization\",\"name\":\"Spalder Media Group\",\"url\":\"https:\/\/spalder.com\/\",\"logo\":{\"@type\":\"ImageObject\",\"inLanguage\":\"de\",\"@id\":\"https:\/\/spalder.com\/#\/schema\/logo\/image\/\",\"url\":\"https:\/\/spalder.com\/wp-content\/uploads\/2020\/09\/SMG_2020_High.png\",\"contentUrl\":\"https:\/\/spalder.com\/wp-content\/uploads\/2020\/09\/SMG_2020_High.png\",\"width\":1489,\"height\":1319,\"caption\":\"Spalder Media Group\"},\"image\":{\"@id\":\"https:\/\/spalder.com\/#\/schema\/logo\/image\/\"}}]}<\/script>\n<!-- \/ Yoast SEO plugin. -->","yoast_head_json":{"title":"Offline - Spalder Media Group","robots":{"index":"index","follow":"follow","max-snippet":"max-snippet:-1","max-image-preview":"max-image-preview:large","max-video-preview":"max-video-preview:-1"},"canonical":"https:\/\/spalder.com\/de\/publishing\/offline\/","og_locale":"de_DE","og_type":"article","og_title":"Offline - Spalder Media Group","og_description":"[vc_row][vc_column width=&#8220;1\/2&#8243;][vc_single_image image=&#8220;11821&#8243; img_size=&#8220;full&#8220; alignment=&#8220;center&#8220;][\/vc_column][vc_column width=&#8220;1\/2&#8243;][vc_single_image image=&#8220;7176&#8243; img_size=&#8220;full&#8220; alignment=&#8220;center&#8220;][\/vc_column][\/vc_row][vc_row][vc_column width=&#8220;1\/2&#8243;][vc_separator][vc_column_text] WINTER MAGAZIN Zeitschriften sind nach wie vor ein wesentlicher Bestandteil der niederl\u00e4ndischen Medienwelt. Die Kombination von Online- und Offline-Werbung bleibt von unsch\u00e4tzbarem Wert. Jedes Jahr im November ver\u00f6ffentlichen wir unser eigenes Snowplaza Wintermagazin. Eine Zeitschrift mit detaillierten Informationen \u00fcber Regionen, Tipps f\u00fcr die Feiertage, sch\u00f6nen [&hellip;]","og_url":"https:\/\/spalder.com\/de\/publishing\/offline\/","og_site_name":"Spalder Media Group","article_modified_time":"2022-10-07T11:54:35+00:00","twitter_card":"summary_large_image","twitter_misc":{"Gesch\u00e4tzte Lesezeit":"2\u00a0Minuten"},"schema":{"@context":"https:\/\/schema.org","@graph":[{"@type":"WebPage","@id":"https:\/\/spalder.com\/de\/publishing\/offline\/","url":"https:\/\/spalder.com\/de\/publishing\/offline\/","name":"Offline - Spalder Media Group","isPartOf":{"@id":"https:\/\/spalder.com\/#website"},"datePublished":"2020-04-15T11:46:19+00:00","dateModified":"2022-10-07T11:54:35+00:00","breadcrumb":{"@id":"https:\/\/spalder.com\/de\/publishing\/offline\/#breadcrumb"},"inLanguage":"de","potentialAction":[{"@type":"ReadAction","target":["https:\/\/spalder.com\/de\/publishing\/offline\/"]}]},{"@type":"BreadcrumbList","@id":"https:\/\/spalder.com\/de\/publishing\/offline\/#breadcrumb","itemListElement":[{"@type":"ListItem","position":1,"name":"Home","item":"https:\/\/spalder.com\/de\/"},{"@type":"ListItem","position":2,"name":"Publishing","item":"https:\/\/spalder.com\/de\/publishing\/"},{"@type":"ListItem","position":3,"name":"Offline"}]},{"@type":"WebSite","@id":"https:\/\/spalder.com\/#website","url":"https:\/\/spalder.com\/","name":"Spalder Media Group","description":"We bring you Dutch tourists","publisher":{"@id":"https:\/\/spalder.com\/#organization"},"potentialAction":[{"@type":"SearchAction","target":{"@type":"EntryPoint","urlTemplate":"https:\/\/spalder.com\/?s={search_term_string}"},"query-input":{"@type":"PropertyValueSpecification","valueRequired":true,"valueName":"search_term_string"}}],"inLanguage":"de"},{"@type":"Organization","@id":"https:\/\/spalder.com\/#organization","name":"Spalder Media Group","url":"https:\/\/spalder.com\/","logo":{"@type":"ImageObject","inLanguage":"de","@id":"https:\/\/spalder.com\/#\/schema\/logo\/image\/","url":"https:\/\/spalder.com\/wp-content\/uploads\/2020\/09\/SMG_2020_High.png","contentUrl":"https:\/\/spalder.com\/wp-content\/uploads\/2020\/09\/SMG_2020_High.png","width":1489,"height":1319,"caption":"Spalder Media Group"},"image":{"@id":"https:\/\/spalder.com\/#\/schema\/logo\/image\/"}}]}},"_links":{"self":[{"href":"https:\/\/spalder.com\/de\/wp-json\/wp\/v2\/pages\/7521"}],"collection":[{"href":"https:\/\/spalder.com\/de\/wp-json\/wp\/v2\/pages"}],"about":[{"href":"https:\/\/spalder.com\/de\/wp-json\/wp\/v2\/types\/page"}],"author":[{"embeddable":true,"href":"https:\/\/spalder.com\/de\/wp-json\/wp\/v2\/users\/3"}],"replies":[{"embeddable":true,"href":"https:\/\/spalder.com\/de\/wp-json\/wp\/v2\/comments?post=7521"}],"version-history":[{"count":13,"href":"https:\/\/spalder.com\/de\/wp-json\/wp\/v2\/pages\/7521\/revisions"}],"predecessor-version":[{"id":11839,"href":"https:\/\/spalder.com\/de\/wp-json\/wp\/v2\/pages\/7521\/revisions\/11839"}],"up":[{"embeddable":true,"href":"https:\/\/spalder.com\/de\/wp-json\/wp\/v2\/pages\/7409"}],"wp:attachment":[{"href":"https:\/\/spalder.com\/de\/wp-json\/wp\/v2\/media?parent=7521"}],"curies":[{"name":"wp","href":"https:\/\/api.w.org\/{rel}","templated":true}]}}