{"id":7625,"date":"2020-04-16T11:00:02","date_gmt":"2020-04-16T09:00:02","guid":{"rendered":"https:\/\/spalder.com\/productions\/online-video\/"},"modified":"2021-02-11T10:13:25","modified_gmt":"2021-02-11T09:13:25","slug":"online-video","status":"publish","type":"page","link":"https:\/\/spalder.com\/de\/productions\/online-video\/","title":{"rendered":"Online Video"},"content":{"rendered":"<p>[vc_row][vc_column width=&#8220;1\/3&#8243;][vc_single_image image=&#8220;7126&#8243; img_size=&#8220;large&#8220;][\/vc_column][vc_column width=&#8220;1\/3&#8243;][vc_column_text]<\/p>\n<h2 style=\"text-align: center;\">ONLINE VIDEO<\/h2>\n<p>Videoproduktionen machen lassen? Unser Video-Team \u00fcbernimmt das f\u00fcr Sie. Wir produzieren nat\u00fcrlich in h\u00f6chster Qualit\u00e4t und auch ma\u00dfgeschneiderte L\u00f6sungen sind kein Problem. Sind Sie neugierig, was m\u00f6glich ist? Dann fragen Sie unseren Accountmanager.<\/p>\n<ul>\n<li>ORT Presentation<\/li>\n<li>Hotel Videos<\/li>\n<li>Event Promotion<\/li>\n<li>Cameraman vor Ort<\/li>\n<\/ul>\n<p>[\/vc_column_text][\/vc_column][vc_column width=&#8220;1\/3&#8243;]<div class=\"team-member \"  ><div class=\"image-box circle-image small\"><img decoding=\"async\" src=\"https:\/\/spalder.com\/wp-content\/uploads\/2017\/02\/Frank-300x300_c.jpg\" alt=\"\"><\/div><div class=\"image-box-description text-center\"><h4>Frank Pieters<\/h4><p class=\"subtitle\">f.pieters@spalder.com<\/p><hr class=\"line\"><div>Tel.: +31 (0)6 51 67 69 48 <\/div><\/div><\/div>[\/vc_column][\/vc_row][vc_row][vc_column][vc_separator][\/vc_column][\/vc_row][vc_row][vc_column width=&#8220;1\/3&#8243;][vc_column_text]<\/p>\n<h2>Reiseziel Content<\/h2>\n<p>Unsere Online-Zielgruppe m\u00f6chte mit den richtigen und sch\u00f6nsten Informationen \u00fcber ein Reiseziel informiert werden. Eines unserer Produkte ist die Produktion von Videos \u00fcber Reiseziele. Hier kommen wir mit 3 Personen in der Region vorbei und pr\u00e4sentieren hier die Gegend.<\/p>\n<p>&#8211; Sommer sowie Winter<br \/>\n&#8211; 3-k\u00f6pfiges Team<br \/>\n&#8211; 2 Tage vor Ort[\/vc_column_text][vc_btn title=&#8220;Preis: 4.950,- \u20ac&#8220; style=&#8220;outline-custom&#8220; outline_custom_color=&#8220;#666666&#8243; outline_custom_hover_background=&#8220;#666666&#8243; outline_custom_hover_text=&#8220;#ffffff&#8220; size=&#8220;lg&#8220; align=&#8220;center&#8220; button_block=&#8220;true&#8220; link=&#8220;url:mailto%3Af.pieters%40spalder.com|||&#8220;][\/vc_column][vc_column width=&#8220;2\/3&#8243;][vc_video link=&#8220;https:\/\/www.youtube.com\/watch?v=pd6nhaAch_8&#038;feature=youtu.be&#8220; align=&#8220;center&#8220;][vc_separator][\/vc_column][\/vc_row][vc_row][vc_column width=&#8220;1\/3&#8243;][vc_column_text]<\/p>\n<h2>Content zu Sehensw\u00fcrdigkeiten<\/h2>\n<p>M\u00f6chten Sie einen bestimmten Orientierungspunkt hervorheben? Auch daf\u00fcr k\u00f6nnen Sie unser Team nutzen. Wir besuchen den gew\u00fcnschten Ort, machen eine Produktion und ver\u00f6ffentlichen sie dann auf den Plattformen Ihrer Wahl.<\/p>\n<p>&#8211; Sommer sowie Winter<br \/>\n&#8211; 2-k\u00f6pfiges Team<br \/>\n&#8211; 1 Tag vor Ort[\/vc_column_text][vc_btn title=&#8220;Preis: 3.500,- \u20ac&#8220; style=&#8220;outline-custom&#8220; outline_custom_color=&#8220;#666666&#8243; outline_custom_hover_background=&#8220;#666666&#8243; outline_custom_hover_text=&#8220;#ffffff&#8220; size=&#8220;lg&#8220; align=&#8220;center&#8220; button_block=&#8220;true&#8220; link=&#8220;url:mailto%3Af.pieters%40spalder.com|||&#8220;][\/vc_column][vc_column width=&#8220;2\/3&#8243;][vc_video link=&#8220;https:\/\/www.youtube.com\/watch?v=HB-d0wGXVvw&#038;feature=youtu.be&#8220; align=&#8220;center&#8220;][vc_separator][\/vc_column][\/vc_row][vc_row][vc_column width=&#8220;1\/3&#8243;][vc_column_text]<\/p>\n<h2>Hotelwerbung Content<\/h2>\n<p>M\u00f6chten Sie, dass Ihr Hotel professionell pr\u00e4sentiert wird? M\u00f6chten Sie zuk\u00fcnftigen G\u00e4sten zeigen, was diese vom Hotel erwarten k\u00f6nnen? Lassen Sie uns vorbeischauen, um Ihnen die beste Seite des Hotels zu zeigen. Gemeinsam mit dem Kunden legen wir den Inhalt des Videos fest und unser Kameramann und Produzent k\u00fcmmern sich um den Rest!<\/p>\n<p>&#8211; Sommer sowie Winter<br \/>\n&#8211; 2-k\u00f6pfiges Team<br \/>\n&#8211; 1 Tag vor Ort[\/vc_column_text][vc_btn title=&#8220;Preis: 1.500,- \u20ac&#8220; style=&#8220;outline-custom&#8220; outline_custom_color=&#8220;#666666&#8243; outline_custom_hover_background=&#8220;#666666&#8243; outline_custom_hover_text=&#8220;#ffffff&#8220; size=&#8220;lg&#8220; align=&#8220;center&#8220; button_block=&#8220;true&#8220; link=&#8220;url:mailto%3Af.pieters%40spalder.com|||&#8220;][\/vc_column][vc_column width=&#8220;2\/3&#8243;][vc_video link=&#8220;https:\/\/youtu.be\/uaAIm40eo2U&#8220; align=&#8220;center&#8220;][vc_separator][\/vc_column][\/vc_row][vc_row][vc_column width=&#8220;1\/3&#8243;][vc_column_text]<\/p>\n<h2>Event-Werbung Content<\/h2>\n<p>Sie m\u00f6chten ein Event-Promo-Video, wissen aber nicht, wen Sie daf\u00fcr kontaktieren sollen? Dann sind Sie jetzt an der richtigen Adresse. We will highlight the event in the right way and put it on video, so you will have perfect marketing material for this year and next year. Wir werden die Veranstaltung attraktiv pr\u00e4sentieren und auf Video ver\u00f6ffentlichen, damit Sie perfektes Marketingmaterial f\u00fcr dieses und n\u00e4chstes Jahr haben.<\/p>\n<p>&#8211; Sommer sowie Winter<br \/>\n&#8211; 2-k\u00f6pfiges Team<br \/>\n&#8211; 1 Tag vor Ort[\/vc_column_text][vc_btn title=&#8220;Preis: 3.500,- \u20ac&#8220; style=&#8220;outline-custom&#8220; outline_custom_color=&#8220;#666666&#8243; outline_custom_hover_background=&#8220;#666666&#8243; outline_custom_hover_text=&#8220;#ffffff&#8220; size=&#8220;lg&#8220; align=&#8220;center&#8220; button_block=&#8220;true&#8220; link=&#8220;url:mailto%3Af.pieters%40spalder.com|||&#8220;][\/vc_column][vc_column width=&#8220;2\/3&#8243;][vc_video link=&#8220;https:\/\/www.youtube.com\/watch?v=KXdnwEHCNeM&#038;feature=youtu.be&#8220; align=&#8220;center&#8220;][vc_separator][\/vc_column][\/vc_row][vc_row][vc_column width=&#8220;1\/3&#8243;][vc_column_text]<\/p>\n<h2>Storytelling Content<\/h2>\n<p>M\u00f6chten Sie eine Geschichte erz\u00e4hlen, um Ihre Marke, Ihr Unternehmen oder Ihre Region zu st\u00e4rken? Wir sprechen gerne mit Ihnen um die sch\u00f6ne Geschichte in ein noch sch\u00f6neres Video zu verwandeln.<\/p>\n<p>&#8211; Sommer sowie Winter<br \/>\n&#8211; 2-k\u00f6pfiges Team<br \/>\n&#8211; 2 Tage vor Ort[\/vc_column_text][vc_btn title=&#8220;Eine Anfrage stellen!&#8220; style=&#8220;classic&#8220; size=&#8220;lg&#8220; align=&#8220;center&#8220; button_block=&#8220;true&#8220; link=&#8220;url:mailto%3Af.pieters%40spalder.com|||&#8220;][\/vc_column][vc_column width=&#8220;2\/3&#8243;][vc_video link=&#8220;https:\/\/www.youtube.com\/watch?v=9XTigHNhoQU&#8220; align=&#8220;center&#8220;][vc_separator][\/vc_column][\/vc_row][vc_row][vc_column width=&#8220;1\/3&#8243;][vc_column_text]<\/p>\n<h2>Produktbewertungen<\/h2>\n<p>Verkaufen Sie ein Produkt und m\u00f6chten Sie die Markenbekanntheit bei der Zielgruppe der Wintersportler oder Bergbegeisterten steigern? Wir k\u00f6nnen die Markenbekanntheit Ihres Produkts durch eine Videobewertung steigern. Gemeinsam mit dem Kunden pr\u00fcfen wir, wie wir das Produkt optimal hervorheben k\u00f6nnen![\/vc_column_text][vc_btn title=&#8220;Eine Anfrage stellen!&#8220; style=&#8220;classic&#8220; size=&#8220;lg&#8220; align=&#8220;center&#8220; button_block=&#8220;true&#8220; link=&#8220;url:mailto%3Af.pieters%40spalder.com|||&#8220;][\/vc_column][vc_column width=&#8220;2\/3&#8243;][vc_video link=&#8220;https:\/\/www.youtube.com\/watch?time_continue=10&#038;v=nqfrQh0r4sc&#038;feature=emb_title&#8220; align=&#8220;center&#8220;][vc_separator][\/vc_column][\/vc_row]<\/p>\n","protected":false},"excerpt":{"rendered":"<p>[vc_row][vc_column width=&#8220;1\/3&#8243;][vc_single_image image=&#8220;7126&#8243; img_size=&#8220;large&#8220;][\/vc_column][vc_column width=&#8220;1\/3&#8243;][vc_column_text] ONLINE VIDEO Videoproduktionen machen lassen? Unser Video-Team \u00fcbernimmt das f\u00fcr Sie. Wir produzieren nat\u00fcrlich in h\u00f6chster Qualit\u00e4t und auch ma\u00dfgeschneiderte L\u00f6sungen sind kein Problem. Sind Sie neugierig, was m\u00f6glich ist? Dann fragen Sie unseren Accountmanager. ORT Presentation Hotel Videos Event Promotion Cameraman vor Ort [\/vc_column_text][\/vc_column][vc_column width=&#8220;1\/3&#8243;][\/vc_column][\/vc_row][vc_row][vc_column][vc_separator][\/vc_column][\/vc_row][vc_row][vc_column width=&#8220;1\/3&#8243;][vc_column_text] Reiseziel Content Unsere [&hellip;]<\/p>\n","protected":false},"author":3,"featured_media":0,"parent":7421,"menu_order":0,"comment_status":"closed","ping_status":"closed","template":"","meta":{"footnotes":""},"class_list":["post-7625","page","type-page","status-publish","hentry"],"yoast_head":"<!-- This site is optimized with the Yoast SEO plugin v25.6 - https:\/\/yoast.com\/wordpress\/plugins\/seo\/ -->\n<title>Online Video - Spalder Media Group<\/title>\n<meta name=\"robots\" content=\"index, follow, max-snippet:-1, max-image-preview:large, max-video-preview:-1\" \/>\n<link rel=\"canonical\" href=\"https:\/\/spalder.com\/de\/productions\/online-video\/\" \/>\n<meta property=\"og:locale\" content=\"de_DE\" \/>\n<meta property=\"og:type\" content=\"article\" \/>\n<meta property=\"og:title\" content=\"Online Video - Spalder Media Group\" \/>\n<meta property=\"og:description\" content=\"[vc_row][vc_column width=&#8220;1\/3&#8243;][vc_single_image image=&#8220;7126&#8243; img_size=&#8220;large&#8220;][\/vc_column][vc_column width=&#8220;1\/3&#8243;][vc_column_text] ONLINE VIDEO Videoproduktionen machen lassen? Unser Video-Team \u00fcbernimmt das f\u00fcr Sie. Wir produzieren nat\u00fcrlich in h\u00f6chster Qualit\u00e4t und auch ma\u00dfgeschneiderte L\u00f6sungen sind kein Problem. Sind Sie neugierig, was m\u00f6glich ist? Dann fragen Sie unseren Accountmanager. ORT Presentation Hotel Videos Event Promotion Cameraman vor Ort [\/vc_column_text][\/vc_column][vc_column width=&#8220;1\/3&#8243;][\/vc_column][\/vc_row][vc_row][vc_column][vc_separator][\/vc_column][\/vc_row][vc_row][vc_column width=&#8220;1\/3&#8243;][vc_column_text] Reiseziel Content Unsere [&hellip;]\" \/>\n<meta property=\"og:url\" content=\"https:\/\/spalder.com\/de\/productions\/online-video\/\" \/>\n<meta property=\"og:site_name\" content=\"Spalder Media Group\" \/>\n<meta property=\"article:modified_time\" content=\"2021-02-11T09:13:25+00:00\" \/>\n<meta name=\"twitter:card\" content=\"summary_large_image\" \/>\n<meta name=\"twitter:label1\" content=\"Gesch\u00e4tzte Lesezeit\" \/>\n\t<meta name=\"twitter:data1\" content=\"4\u00a0Minuten\" \/>\n<script type=\"application\/ld+json\" class=\"yoast-schema-graph\">{\"@context\":\"https:\/\/schema.org\",\"@graph\":[{\"@type\":\"WebPage\",\"@id\":\"https:\/\/spalder.com\/de\/productions\/online-video\/\",\"url\":\"https:\/\/spalder.com\/de\/productions\/online-video\/\",\"name\":\"Online Video - Spalder Media Group\",\"isPartOf\":{\"@id\":\"https:\/\/spalder.com\/#website\"},\"datePublished\":\"2020-04-16T09:00:02+00:00\",\"dateModified\":\"2021-02-11T09:13:25+00:00\",\"breadcrumb\":{\"@id\":\"https:\/\/spalder.com\/de\/productions\/online-video\/#breadcrumb\"},\"inLanguage\":\"de\",\"potentialAction\":[{\"@type\":\"ReadAction\",\"target\":[\"https:\/\/spalder.com\/de\/productions\/online-video\/\"]}]},{\"@type\":\"BreadcrumbList\",\"@id\":\"https:\/\/spalder.com\/de\/productions\/online-video\/#breadcrumb\",\"itemListElement\":[{\"@type\":\"ListItem\",\"position\":1,\"name\":\"Home\",\"item\":\"https:\/\/spalder.com\/de\/\"},{\"@type\":\"ListItem\",\"position\":2,\"name\":\"Productions\",\"item\":\"https:\/\/spalder.com\/de\/productions\/\"},{\"@type\":\"ListItem\",\"position\":3,\"name\":\"Online Video\"}]},{\"@type\":\"WebSite\",\"@id\":\"https:\/\/spalder.com\/#website\",\"url\":\"https:\/\/spalder.com\/\",\"name\":\"Spalder Media Group\",\"description\":\"We bring you Dutch tourists\",\"publisher\":{\"@id\":\"https:\/\/spalder.com\/#organization\"},\"potentialAction\":[{\"@type\":\"SearchAction\",\"target\":{\"@type\":\"EntryPoint\",\"urlTemplate\":\"https:\/\/spalder.com\/?s={search_term_string}\"},\"query-input\":{\"@type\":\"PropertyValueSpecification\",\"valueRequired\":true,\"valueName\":\"search_term_string\"}}],\"inLanguage\":\"de\"},{\"@type\":\"Organization\",\"@id\":\"https:\/\/spalder.com\/#organization\",\"name\":\"Spalder Media Group\",\"url\":\"https:\/\/spalder.com\/\",\"logo\":{\"@type\":\"ImageObject\",\"inLanguage\":\"de\",\"@id\":\"https:\/\/spalder.com\/#\/schema\/logo\/image\/\",\"url\":\"https:\/\/spalder.com\/wp-content\/uploads\/2020\/09\/SMG_2020_High.png\",\"contentUrl\":\"https:\/\/spalder.com\/wp-content\/uploads\/2020\/09\/SMG_2020_High.png\",\"width\":1489,\"height\":1319,\"caption\":\"Spalder Media Group\"},\"image\":{\"@id\":\"https:\/\/spalder.com\/#\/schema\/logo\/image\/\"}}]}<\/script>\n<!-- \/ Yoast SEO plugin. -->","yoast_head_json":{"title":"Online Video - Spalder Media Group","robots":{"index":"index","follow":"follow","max-snippet":"max-snippet:-1","max-image-preview":"max-image-preview:large","max-video-preview":"max-video-preview:-1"},"canonical":"https:\/\/spalder.com\/de\/productions\/online-video\/","og_locale":"de_DE","og_type":"article","og_title":"Online Video - Spalder Media Group","og_description":"[vc_row][vc_column width=&#8220;1\/3&#8243;][vc_single_image image=&#8220;7126&#8243; img_size=&#8220;large&#8220;][\/vc_column][vc_column width=&#8220;1\/3&#8243;][vc_column_text] ONLINE VIDEO Videoproduktionen machen lassen? Unser Video-Team \u00fcbernimmt das f\u00fcr Sie. Wir produzieren nat\u00fcrlich in h\u00f6chster Qualit\u00e4t und auch ma\u00dfgeschneiderte L\u00f6sungen sind kein Problem. Sind Sie neugierig, was m\u00f6glich ist? Dann fragen Sie unseren Accountmanager. ORT Presentation Hotel Videos Event Promotion Cameraman vor Ort [\/vc_column_text][\/vc_column][vc_column width=&#8220;1\/3&#8243;][\/vc_column][\/vc_row][vc_row][vc_column][vc_separator][\/vc_column][\/vc_row][vc_row][vc_column width=&#8220;1\/3&#8243;][vc_column_text] Reiseziel Content Unsere [&hellip;]","og_url":"https:\/\/spalder.com\/de\/productions\/online-video\/","og_site_name":"Spalder Media Group","article_modified_time":"2021-02-11T09:13:25+00:00","twitter_card":"summary_large_image","twitter_misc":{"Gesch\u00e4tzte Lesezeit":"4\u00a0Minuten"},"schema":{"@context":"https:\/\/schema.org","@graph":[{"@type":"WebPage","@id":"https:\/\/spalder.com\/de\/productions\/online-video\/","url":"https:\/\/spalder.com\/de\/productions\/online-video\/","name":"Online Video - Spalder Media Group","isPartOf":{"@id":"https:\/\/spalder.com\/#website"},"datePublished":"2020-04-16T09:00:02+00:00","dateModified":"2021-02-11T09:13:25+00:00","breadcrumb":{"@id":"https:\/\/spalder.com\/de\/productions\/online-video\/#breadcrumb"},"inLanguage":"de","potentialAction":[{"@type":"ReadAction","target":["https:\/\/spalder.com\/de\/productions\/online-video\/"]}]},{"@type":"BreadcrumbList","@id":"https:\/\/spalder.com\/de\/productions\/online-video\/#breadcrumb","itemListElement":[{"@type":"ListItem","position":1,"name":"Home","item":"https:\/\/spalder.com\/de\/"},{"@type":"ListItem","position":2,"name":"Productions","item":"https:\/\/spalder.com\/de\/productions\/"},{"@type":"ListItem","position":3,"name":"Online Video"}]},{"@type":"WebSite","@id":"https:\/\/spalder.com\/#website","url":"https:\/\/spalder.com\/","name":"Spalder Media Group","description":"We bring you Dutch tourists","publisher":{"@id":"https:\/\/spalder.com\/#organization"},"potentialAction":[{"@type":"SearchAction","target":{"@type":"EntryPoint","urlTemplate":"https:\/\/spalder.com\/?s={search_term_string}"},"query-input":{"@type":"PropertyValueSpecification","valueRequired":true,"valueName":"search_term_string"}}],"inLanguage":"de"},{"@type":"Organization","@id":"https:\/\/spalder.com\/#organization","name":"Spalder Media Group","url":"https:\/\/spalder.com\/","logo":{"@type":"ImageObject","inLanguage":"de","@id":"https:\/\/spalder.com\/#\/schema\/logo\/image\/","url":"https:\/\/spalder.com\/wp-content\/uploads\/2020\/09\/SMG_2020_High.png","contentUrl":"https:\/\/spalder.com\/wp-content\/uploads\/2020\/09\/SMG_2020_High.png","width":1489,"height":1319,"caption":"Spalder Media Group"},"image":{"@id":"https:\/\/spalder.com\/#\/schema\/logo\/image\/"}}]}},"_links":{"self":[{"href":"https:\/\/spalder.com\/de\/wp-json\/wp\/v2\/pages\/7625"}],"collection":[{"href":"https:\/\/spalder.com\/de\/wp-json\/wp\/v2\/pages"}],"about":[{"href":"https:\/\/spalder.com\/de\/wp-json\/wp\/v2\/types\/page"}],"author":[{"embeddable":true,"href":"https:\/\/spalder.com\/de\/wp-json\/wp\/v2\/users\/3"}],"replies":[{"embeddable":true,"href":"https:\/\/spalder.com\/de\/wp-json\/wp\/v2\/comments?post=7625"}],"version-history":[{"count":8,"href":"https:\/\/spalder.com\/de\/wp-json\/wp\/v2\/pages\/7625\/revisions"}],"predecessor-version":[{"id":8479,"href":"https:\/\/spalder.com\/de\/wp-json\/wp\/v2\/pages\/7625\/revisions\/8479"}],"up":[{"embeddable":true,"href":"https:\/\/spalder.com\/de\/wp-json\/wp\/v2\/pages\/7421"}],"wp:attachment":[{"href":"https:\/\/spalder.com\/de\/wp-json\/wp\/v2\/media?parent=7625"}],"curies":[{"name":"wp","href":"https:\/\/api.w.org\/{rel}","templated":true}]}}