{"id":7661,"date":"2020-04-16T12:56:31","date_gmt":"2020-04-16T10:56:31","guid":{"rendered":"https:\/\/spalder.com\/publishing\/social-media-live\/"},"modified":"2021-02-11T10:13:54","modified_gmt":"2021-02-11T09:13:54","slug":"social-media-live","status":"publish","type":"page","link":"https:\/\/spalder.com\/de\/publishing\/social-media-live\/","title":{"rendered":"Social Media LIVE"},"content":{"rendered":"<p>[vc_row][vc_column width=&#8220;1\/3&#8243;][vc_single_image image=&#8220;7182&#8243; img_size=&#8220;large&#8220;][\/vc_column][vc_column width=&#8220;1\/3&#8243;][vc_column_text]<\/p>\n<h2 style=\"text-align: center;\">SOCIAL MEDIA LIVE<\/h2>\n<p>Ihre Destination wird mittels Facebook LIVE von unseren Content- Spezialisten pra\u0308sentiert. Fu\u0308r eine noch gro\u0308\u00dfere Reichweite haben wir die Mo\u0308glichkeit zwischen verschiedenen Kana\u0308len (Instagram\/Facebook) zu wechseln. Zusa\u0308tzlich ko\u0308nnen Videoeinspieler integriert werden.<\/p>\n<ul>\n<li>Live-Sendung mit Reporter<\/li>\n<li>Zuschauerfragen in Echtzeit<\/li>\n<li>Interviewg\u00e4ste live dabei<\/li>\n<li>Sehr hohe Interaktion<\/li>\n<\/ul>\n<p>[\/vc_column_text][vc_btn title=&#8220;Preis: ab 3.750,- \u20ac&#8220; style=&#8220;outline-custom&#8220; outline_custom_color=&#8220;#666666&#8243; outline_custom_hover_background=&#8220;#666666&#8243; outline_custom_hover_text=&#8220;#ffffff&#8220; link=&#8220;url:mailto%3Avera.dormans%40spalder.com|||&#8220;][vc_column_text]<em>* Der Preis ist exklusive \u00dcbernachtung (max. 2 N\u00e4chte ) f\u00fcr 3 Personen auf Basis von HP &amp; Aktivit\u00e4ten (Liftp\u00e4sse etc.)<\/em>[\/vc_column_text][\/vc_column][vc_column width=&#8220;1\/3&#8243;]<div class=\"team-member \"  ><div class=\"image-box circle-image small\"><img decoding=\"async\" src=\"https:\/\/spalder.com\/wp-content\/uploads\/2017\/02\/Vera-300x300_c.jpg\" alt=\"\"><\/div><div class=\"image-box-description text-center\"><h4>Vera Dormans<\/h4><p class=\"subtitle\">vera.dormans@spalder.com<\/p><hr class=\"line\"><div>Tel.: +49 (0)221 53 45 20-87<\/div><\/div><\/div>[\/vc_column][\/vc_row][vc_row][vc_column width=&#8220;1\/2&#8243;][vc_separator][vc_column_text]<\/p>\n<h2 style=\"text-align: center;\">WINTER<\/h2>\n<p>[\/vc_column_text][\/vc_column][vc_column width=&#8220;1\/2&#8243;][vc_separator][vc_column_text]<\/p>\n<h2 style=\"text-align: center;\">SOMMER<\/h2>\n<p>&nbsp;[\/vc_column_text][\/vc_column][\/vc_row][vc_row][vc_column width=&#8220;1\/2&#8243;][vc_single_image image=&#8220;7222&#8243; img_size=&#8220;large&#8220;][\/vc_column][vc_column width=&#8220;1\/2&#8243;][vc_single_image image=&#8220;7220&#8243; img_size=&#8220;large&#8220;][\/vc_column][\/vc_row][vc_row][vc_column width=&#8220;1\/2&#8243;][vc_raw_html]PGlmcmFtZSBzcmM9Imh0dHBzOi8vd3d3LmZhY2Vib29rLmNvbS9wbHVnaW5zL3ZpZGVvLnBocD9ocmVmPWh0dHBzJTNBJTJGJTJGd3d3LmZhY2Vib29rLmNvbSUyRnNub3dwbGF6YS5kZSUyRnZpZGVvcyUyRjI1MDgwODE2MjkyODg1MjMlMkYmYW1wO3Nob3dfdGV4dD0wJmFtcDt3aWR0aD01NjAiIHdpZHRoPSI1NjAiIGhlaWdodD0iMzE1IiBzdHlsZT0iYm9yZGVyOm5vbmU7b3ZlcmZsb3c6aGlkZGVuIiBzY3JvbGxpbmc9Im5vIiBmcmFtZWJvcmRlcj0iMCIgYWxsb3d0cmFuc3BhcmVuY3k9InRydWUiIGFsbG93ZnVsbHNjcmVlbj0idHJ1ZSI+PC9pZnJhbWU+[\/vc_raw_html][vc_raw_html]PGlmcmFtZSBzcmM9Imh0dHBzOi8vd3d3LmZhY2Vib29rLmNvbS9wbHVnaW5zL3ZpZGVvLnBocD9ocmVmPWh0dHBzJTNBJTJGJTJGd3d3LmZhY2Vib29rLmNvbSUyRlNub3dwbGF6YSUyRnZpZGVvcyUyRjE3MTEzMDY4MjIyNjc1MjglMkYmYW1wO3Nob3dfdGV4dD0wJmFtcDt3aWR0aD01NjAiIHdpZHRoPSI1NjAiIGhlaWdodD0iMzE1IiBzdHlsZT0iYm9yZGVyOm5vbmU7b3ZlcmZsb3c6aGlkZGVuIiBzY3JvbGxpbmc9Im5vIiBmcmFtZWJvcmRlcj0iMCIgYWxsb3d0cmFuc3BhcmVuY3k9InRydWUiIGFsbG93ZnVsbHNjcmVlbj0idHJ1ZSI+PC9pZnJhbWU+[\/vc_raw_html][\/vc_column][vc_column width=&#8220;1\/2&#8243;][vc_raw_html]PGlmcmFtZSBzcmM9Imh0dHBzOi8vd3d3LmZhY2Vib29rLmNvbS9wbHVnaW5zL3ZpZGVvLnBocD9ocmVmPWh0dHBzJTNBJTJGJTJGd3d3LmZhY2Vib29rLmNvbSUyRmluZGVuYmVyZ2VuZGUlMkZ2aWRlb3MlMkYzNzk4OTY1NzU5OTY5NzElMkYmYW1wO3Nob3dfdGV4dD0wJmFtcDt3aWR0aD01NjAiIHdpZHRoPSI1NjAiIGhlaWdodD0iMzE1IiBzdHlsZT0iYm9yZGVyOm5vbmU7b3ZlcmZsb3c6aGlkZGVuIiBzY3JvbGxpbmc9Im5vIiBmcmFtZWJvcmRlcj0iMCIgYWxsb3d0cmFuc3BhcmVuY3k9InRydWUiIGFsbG93ZnVsbHNjcmVlbj0idHJ1ZSI+PC9pZnJhbWU+[\/vc_raw_html][vc_raw_html]PGlmcmFtZSBzcmM9Imh0dHBzOi8vd3d3LmZhY2Vib29rLmNvbS9wbHVnaW5zL3ZpZGVvLnBocD9ocmVmPWh0dHBzJTNBJTJGJTJGd3d3LmZhY2Vib29rLmNvbSUyRmluZGViZXJnZW5ubCUyRnZpZGVvcyUyRjE1MTE4NTI0NTg4NzgwODMlMkYmYW1wO3Nob3dfdGV4dD0wJmFtcDt3aWR0aD01NjAiIHdpZHRoPSI1NjAiIGhlaWdodD0iMzE1IiBzdHlsZT0iYm9yZGVyOm5vbmU7b3ZlcmZsb3c6aGlkZGVuIiBzY3JvbGxpbmc9Im5vIiBmcmFtZWJvcmRlcj0iMCIgYWxsb3d0cmFuc3BhcmVuY3k9InRydWUiIGFsbG93ZnVsbHNjcmVlbj0idHJ1ZSI+PC9pZnJhbWU+[\/vc_raw_html][\/vc_column][\/vc_row][vc_row][vc_column][vc_separator][\/vc_column][\/vc_row]<\/p>\n","protected":false},"excerpt":{"rendered":"<p>[vc_row][vc_column width=&#8220;1\/3&#8243;][vc_single_image image=&#8220;7182&#8243; img_size=&#8220;large&#8220;][\/vc_column][vc_column width=&#8220;1\/3&#8243;][vc_column_text] SOCIAL MEDIA LIVE Ihre Destination wird mittels Facebook LIVE von unseren Content- Spezialisten pra\u0308sentiert. Fu\u0308r eine noch gro\u0308\u00dfere Reichweite haben wir die Mo\u0308glichkeit zwischen verschiedenen Kana\u0308len (Instagram\/Facebook) zu wechseln. Zusa\u0308tzlich ko\u0308nnen Videoeinspieler integriert werden. Live-Sendung mit Reporter Zuschauerfragen in Echtzeit Interviewg\u00e4ste live dabei Sehr hohe Interaktion [\/vc_column_text][vc_btn title=&#8220;Preis: ab 3.750,- [&hellip;]<\/p>\n","protected":false},"author":3,"featured_media":0,"parent":7409,"menu_order":0,"comment_status":"closed","ping_status":"closed","template":"","meta":{"footnotes":""},"class_list":["post-7661","page","type-page","status-publish","hentry"],"yoast_head":"<!-- This site is optimized with the Yoast SEO plugin v25.6 - https:\/\/yoast.com\/wordpress\/plugins\/seo\/ -->\n<title>Social Media LIVE - Spalder Media Group<\/title>\n<meta name=\"robots\" content=\"index, follow, max-snippet:-1, max-image-preview:large, max-video-preview:-1\" \/>\n<link rel=\"canonical\" href=\"https:\/\/spalder.com\/de\/publishing\/social-media-live\/\" \/>\n<meta property=\"og:locale\" content=\"de_DE\" \/>\n<meta property=\"og:type\" content=\"article\" \/>\n<meta property=\"og:title\" content=\"Social Media LIVE - Spalder Media Group\" \/>\n<meta property=\"og:description\" content=\"[vc_row][vc_column width=&#8220;1\/3&#8243;][vc_single_image image=&#8220;7182&#8243; img_size=&#8220;large&#8220;][\/vc_column][vc_column width=&#8220;1\/3&#8243;][vc_column_text] SOCIAL MEDIA LIVE Ihre Destination wird mittels Facebook LIVE von unseren Content- Spezialisten pra\u0308sentiert. Fu\u0308r eine noch gro\u0308\u00dfere Reichweite haben wir die Mo\u0308glichkeit zwischen verschiedenen Kana\u0308len (Instagram\/Facebook) zu wechseln. Zusa\u0308tzlich ko\u0308nnen Videoeinspieler integriert werden. Live-Sendung mit Reporter Zuschauerfragen in Echtzeit Interviewg\u00e4ste live dabei Sehr hohe Interaktion [\/vc_column_text][vc_btn title=&#8220;Preis: ab 3.750,- [&hellip;]\" \/>\n<meta property=\"og:url\" content=\"https:\/\/spalder.com\/de\/publishing\/social-media-live\/\" \/>\n<meta property=\"og:site_name\" content=\"Spalder Media Group\" \/>\n<meta property=\"article:modified_time\" content=\"2021-02-11T09:13:54+00:00\" \/>\n<meta name=\"twitter:card\" content=\"summary_large_image\" \/>\n<meta name=\"twitter:label1\" content=\"Gesch\u00e4tzte Lesezeit\" \/>\n\t<meta name=\"twitter:data1\" content=\"2\u00a0Minuten\" \/>\n<script type=\"application\/ld+json\" class=\"yoast-schema-graph\">{\"@context\":\"https:\/\/schema.org\",\"@graph\":[{\"@type\":\"WebPage\",\"@id\":\"https:\/\/spalder.com\/de\/publishing\/social-media-live\/\",\"url\":\"https:\/\/spalder.com\/de\/publishing\/social-media-live\/\",\"name\":\"Social Media LIVE - Spalder Media Group\",\"isPartOf\":{\"@id\":\"https:\/\/spalder.com\/#website\"},\"datePublished\":\"2020-04-16T10:56:31+00:00\",\"dateModified\":\"2021-02-11T09:13:54+00:00\",\"breadcrumb\":{\"@id\":\"https:\/\/spalder.com\/de\/publishing\/social-media-live\/#breadcrumb\"},\"inLanguage\":\"de\",\"potentialAction\":[{\"@type\":\"ReadAction\",\"target\":[\"https:\/\/spalder.com\/de\/publishing\/social-media-live\/\"]}]},{\"@type\":\"BreadcrumbList\",\"@id\":\"https:\/\/spalder.com\/de\/publishing\/social-media-live\/#breadcrumb\",\"itemListElement\":[{\"@type\":\"ListItem\",\"position\":1,\"name\":\"Home\",\"item\":\"https:\/\/spalder.com\/de\/\"},{\"@type\":\"ListItem\",\"position\":2,\"name\":\"Publishing\",\"item\":\"https:\/\/spalder.com\/de\/publishing\/\"},{\"@type\":\"ListItem\",\"position\":3,\"name\":\"Social Media LIVE\"}]},{\"@type\":\"WebSite\",\"@id\":\"https:\/\/spalder.com\/#website\",\"url\":\"https:\/\/spalder.com\/\",\"name\":\"Spalder Media Group\",\"description\":\"We bring you Dutch tourists\",\"publisher\":{\"@id\":\"https:\/\/spalder.com\/#organization\"},\"potentialAction\":[{\"@type\":\"SearchAction\",\"target\":{\"@type\":\"EntryPoint\",\"urlTemplate\":\"https:\/\/spalder.com\/?s={search_term_string}\"},\"query-input\":{\"@type\":\"PropertyValueSpecification\",\"valueRequired\":true,\"valueName\":\"search_term_string\"}}],\"inLanguage\":\"de\"},{\"@type\":\"Organization\",\"@id\":\"https:\/\/spalder.com\/#organization\",\"name\":\"Spalder Media Group\",\"url\":\"https:\/\/spalder.com\/\",\"logo\":{\"@type\":\"ImageObject\",\"inLanguage\":\"de\",\"@id\":\"https:\/\/spalder.com\/#\/schema\/logo\/image\/\",\"url\":\"https:\/\/spalder.com\/wp-content\/uploads\/2020\/09\/SMG_2020_High.png\",\"contentUrl\":\"https:\/\/spalder.com\/wp-content\/uploads\/2020\/09\/SMG_2020_High.png\",\"width\":1489,\"height\":1319,\"caption\":\"Spalder Media Group\"},\"image\":{\"@id\":\"https:\/\/spalder.com\/#\/schema\/logo\/image\/\"}}]}<\/script>\n<!-- \/ Yoast SEO plugin. -->","yoast_head_json":{"title":"Social Media LIVE - Spalder Media Group","robots":{"index":"index","follow":"follow","max-snippet":"max-snippet:-1","max-image-preview":"max-image-preview:large","max-video-preview":"max-video-preview:-1"},"canonical":"https:\/\/spalder.com\/de\/publishing\/social-media-live\/","og_locale":"de_DE","og_type":"article","og_title":"Social Media LIVE - Spalder Media Group","og_description":"[vc_row][vc_column width=&#8220;1\/3&#8243;][vc_single_image image=&#8220;7182&#8243; img_size=&#8220;large&#8220;][\/vc_column][vc_column width=&#8220;1\/3&#8243;][vc_column_text] SOCIAL MEDIA LIVE Ihre Destination wird mittels Facebook LIVE von unseren Content- Spezialisten pra\u0308sentiert. Fu\u0308r eine noch gro\u0308\u00dfere Reichweite haben wir die Mo\u0308glichkeit zwischen verschiedenen Kana\u0308len (Instagram\/Facebook) zu wechseln. Zusa\u0308tzlich ko\u0308nnen Videoeinspieler integriert werden. Live-Sendung mit Reporter Zuschauerfragen in Echtzeit Interviewg\u00e4ste live dabei Sehr hohe Interaktion [\/vc_column_text][vc_btn title=&#8220;Preis: ab 3.750,- [&hellip;]","og_url":"https:\/\/spalder.com\/de\/publishing\/social-media-live\/","og_site_name":"Spalder Media Group","article_modified_time":"2021-02-11T09:13:54+00:00","twitter_card":"summary_large_image","twitter_misc":{"Gesch\u00e4tzte Lesezeit":"2\u00a0Minuten"},"schema":{"@context":"https:\/\/schema.org","@graph":[{"@type":"WebPage","@id":"https:\/\/spalder.com\/de\/publishing\/social-media-live\/","url":"https:\/\/spalder.com\/de\/publishing\/social-media-live\/","name":"Social Media LIVE - Spalder Media Group","isPartOf":{"@id":"https:\/\/spalder.com\/#website"},"datePublished":"2020-04-16T10:56:31+00:00","dateModified":"2021-02-11T09:13:54+00:00","breadcrumb":{"@id":"https:\/\/spalder.com\/de\/publishing\/social-media-live\/#breadcrumb"},"inLanguage":"de","potentialAction":[{"@type":"ReadAction","target":["https:\/\/spalder.com\/de\/publishing\/social-media-live\/"]}]},{"@type":"BreadcrumbList","@id":"https:\/\/spalder.com\/de\/publishing\/social-media-live\/#breadcrumb","itemListElement":[{"@type":"ListItem","position":1,"name":"Home","item":"https:\/\/spalder.com\/de\/"},{"@type":"ListItem","position":2,"name":"Publishing","item":"https:\/\/spalder.com\/de\/publishing\/"},{"@type":"ListItem","position":3,"name":"Social Media LIVE"}]},{"@type":"WebSite","@id":"https:\/\/spalder.com\/#website","url":"https:\/\/spalder.com\/","name":"Spalder Media Group","description":"We bring you Dutch tourists","publisher":{"@id":"https:\/\/spalder.com\/#organization"},"potentialAction":[{"@type":"SearchAction","target":{"@type":"EntryPoint","urlTemplate":"https:\/\/spalder.com\/?s={search_term_string}"},"query-input":{"@type":"PropertyValueSpecification","valueRequired":true,"valueName":"search_term_string"}}],"inLanguage":"de"},{"@type":"Organization","@id":"https:\/\/spalder.com\/#organization","name":"Spalder Media Group","url":"https:\/\/spalder.com\/","logo":{"@type":"ImageObject","inLanguage":"de","@id":"https:\/\/spalder.com\/#\/schema\/logo\/image\/","url":"https:\/\/spalder.com\/wp-content\/uploads\/2020\/09\/SMG_2020_High.png","contentUrl":"https:\/\/spalder.com\/wp-content\/uploads\/2020\/09\/SMG_2020_High.png","width":1489,"height":1319,"caption":"Spalder Media Group"},"image":{"@id":"https:\/\/spalder.com\/#\/schema\/logo\/image\/"}}]}},"_links":{"self":[{"href":"https:\/\/spalder.com\/de\/wp-json\/wp\/v2\/pages\/7661"}],"collection":[{"href":"https:\/\/spalder.com\/de\/wp-json\/wp\/v2\/pages"}],"about":[{"href":"https:\/\/spalder.com\/de\/wp-json\/wp\/v2\/types\/page"}],"author":[{"embeddable":true,"href":"https:\/\/spalder.com\/de\/wp-json\/wp\/v2\/users\/3"}],"replies":[{"embeddable":true,"href":"https:\/\/spalder.com\/de\/wp-json\/wp\/v2\/comments?post=7661"}],"version-history":[{"count":11,"href":"https:\/\/spalder.com\/de\/wp-json\/wp\/v2\/pages\/7661\/revisions"}],"predecessor-version":[{"id":8651,"href":"https:\/\/spalder.com\/de\/wp-json\/wp\/v2\/pages\/7661\/revisions\/8651"}],"up":[{"embeddable":true,"href":"https:\/\/spalder.com\/de\/wp-json\/wp\/v2\/pages\/7409"}],"wp:attachment":[{"href":"https:\/\/spalder.com\/de\/wp-json\/wp\/v2\/media?parent=7661"}],"curies":[{"name":"wp","href":"https:\/\/api.w.org\/{rel}","templated":true}]}}